{"id":33143,"date":"2024-01-19T21:41:58","date_gmt":"2024-01-19T21:41:58","guid":{"rendered":"https:\/\/changlonet.com\/tienda\/?post_type=product&#038;p=33143"},"modified":"2024-01-19T21:50:07","modified_gmt":"2024-01-19T21:50:07","slug":"intel-core-i9-14900kf","status":"publish","type":"product","link":"https:\/\/changlonet.com\/tienda\/producto\/intel-core-i9-14900kf\/","title":{"rendered":"Intel Core i9 14900KF"},"content":{"rendered":"\n<p>Procesador tope de gama en PCs normales de Intel. Esta es la versi\u00f3n desbloqueada<\/p>\n\n\n\n<p>El <strong>Intel Core i9-14900KF<\/strong> es un procesador central de <strong>24 n\u00facleos<\/strong> y <strong>32 hilos<\/strong> que se introdujo en Q4\/2023. Se basa en la <strong>14. Gen de la serie Intel Core i9<\/strong> y requiere una placa base con el z\u00f3calo LGA 1700. El Intel Core i9-14900KF obtiene <strong>2.412 puntos<\/strong> con un n\u00facleo de CPU en el benchmark Geekbench 5. Al usar todos los n\u00facleos de CPU, el resultado es <strong>26.972 puntos<\/strong>. El procesador tiene un <strong>cach\u00e9 grande de 68,00 MB<\/strong> y est\u00e1 fabricado en <strong>10 nm<\/strong>. El Intel Core i9-14900KF tiene un TDP de <strong>125 W<\/strong>.<\/p>\n\n\n\n<p>No incluye una gr\u00e1fica integrada en el procesador. Hay necesidad de montar una gr\u00e1fica separada<\/p>\n","protected":false},"excerpt":{"rendered":"<p>El Core i9 14900KF es un procesador desbloqueado con 8 n\u00facleos de alto rendimiento y 16 n\u00facleos de alta eficiencia. Sin gr\u00e1fica incorporada <\/p>\n","protected":false},"featured_media":33144,"comment_status":"open","ping_status":"closed","template":"","meta":{"_coblocks_attr":"","_coblocks_dimensions":"","_coblocks_responsive_height":"","_coblocks_accordion_ie_support":""},"product_brand":[],"product_cat":[125],"product_tag":[136,133,128,131],"class_list":{"0":"post-33143","1":"product","2":"type-product","3":"status-publish","4":"has-post-thumbnail","6":"product_cat-lga1700","7":"product_tag-14900kf","8":"product_tag-core-i9","9":"product_tag-intel","10":"product_tag-lga-1700","12":"first","13":"instock","14":"taxable","15":"shipping-taxable","16":"purchasable","17":"product-type-simple"},"_links":{"self":[{"href":"https:\/\/changlonet.com\/tienda\/wp-json\/wp\/v2\/product\/33143","targetHints":{"allow":["GET"]}}],"collection":[{"href":"https:\/\/changlonet.com\/tienda\/wp-json\/wp\/v2\/product"}],"about":[{"href":"https:\/\/changlonet.com\/tienda\/wp-json\/wp\/v2\/types\/product"}],"replies":[{"embeddable":true,"href":"https:\/\/changlonet.com\/tienda\/wp-json\/wp\/v2\/comments?post=33143"}],"version-history":[{"count":0,"href":"https:\/\/changlonet.com\/tienda\/wp-json\/wp\/v2\/product\/33143\/revisions"}],"wp:featuredmedia":[{"embeddable":true,"href":"https:\/\/changlonet.com\/tienda\/wp-json\/wp\/v2\/media\/33144"}],"wp:attachment":[{"href":"https:\/\/changlonet.com\/tienda\/wp-json\/wp\/v2\/media?parent=33143"}],"wp:term":[{"taxonomy":"product_brand","embeddable":true,"href":"https:\/\/changlonet.com\/tienda\/wp-json\/wp\/v2\/product_brand?post=33143"},{"taxonomy":"product_cat","embeddable":true,"href":"https:\/\/changlonet.com\/tienda\/wp-json\/wp\/v2\/product_cat?post=33143"},{"taxonomy":"product_tag","embeddable":true,"href":"https:\/\/changlonet.com\/tienda\/wp-json\/wp\/v2\/product_tag?post=33143"}],"curies":[{"name":"wp","href":"https:\/\/api.w.org\/{rel}","templated":true}]}}