{"id":33130,"date":"2024-01-19T17:13:33","date_gmt":"2024-01-19T17:13:33","guid":{"rendered":"https:\/\/changlonet.com\/tienda\/?post_type=product&#038;p=33130"},"modified":"2024-01-19T21:41:35","modified_gmt":"2024-01-19T21:41:35","slug":"intel-core-i7-14700kf","status":"publish","type":"product","link":"https:\/\/changlonet.com\/tienda\/producto\/intel-core-i7-14700kf\/","title":{"rendered":"Intel Core i7 14700KF"},"content":{"rendered":"\n<p>El procesador Intel Core i7 14700KF tiene las siguientes especificaciones t\u00e9cnicas:<\/p>\n\n\n\n<ul class=\"wp-block-list\" data-block-type=\"core\">\n<li data-block-type=\"core\"><strong>Cantidad de n\u00facleos<\/strong>: 20 (8 Performance-cores, 12 Efficient-cores)<\/li>\n\n\n\n<li data-block-type=\"core\"><strong>Cantidad de subprocesos<\/strong>: 28<\/li>\n\n\n\n<li data-block-type=\"core\"><strong>Frecuencia turbo m\u00e1xima<\/strong>: 5.6 GHz<\/li>\n\n\n\n<li data-block-type=\"core\"><strong>Frecuencia de la Tecnolog\u00eda Intel\u00ae Turbo Boost Max 3.0<\/strong>: 5.6 GHz<\/li>\n\n\n\n<li data-block-type=\"core\"><strong>Frecuencia turbo m\u00e1xima del Performance-core<\/strong>: 5.5 GHz<\/li>\n\n\n\n<li data-block-type=\"core\"><strong>Frecuencia turbo m\u00e1xima de Efficient-core<\/strong>: 4.3 GHz<\/li>\n\n\n\n<li data-block-type=\"core\"><strong>Frecuencia base de Performance-core<\/strong>: 3.4 GHz<\/li>\n\n\n\n<li data-block-type=\"core\"><strong>Frecuencia base de Efficient-core<\/strong>: 2.5 GHz<\/li>\n\n\n\n<li data-block-type=\"core\"><strong>Cach\u00e9<\/strong>: 33 MB Intel\u00ae Smart Cache<\/li>\n\n\n\n<li data-block-type=\"core\"><strong>Cach\u00e9 L2 total<\/strong>: 28 MB<\/li>\n\n\n\n<li data-block-type=\"core\"><strong>Potencia base del procesador<\/strong>: 125 W<\/li>\n\n\n\n<li data-block-type=\"core\"><strong>Potencia turbo m\u00e1xima<\/strong>: 253 W<\/li>\n\n\n\n<li data-block-type=\"core\"><strong>Tama\u00f1o de memoria m\u00e1ximo (depende del tipo de memoria)<\/strong>: 192 GB<\/li>\n\n\n\n<li data-block-type=\"core\"><strong>Tipos de memoria<\/strong>: Up to DDR5 5600 MT\/s, Up to DDR4 3200 MT\/s<\/li>\n\n\n\n<li data-block-type=\"core\"><strong>Cantidad m\u00e1xima de canales de memoria<\/strong>: 2<\/li>\n\n\n\n<li data-block-type=\"core\"><strong>M\u00e1ximo de ancho de banda de memoria<\/strong>: 89.6 GB\/s<\/li>\n\n\n\n<li data-block-type=\"core\"><strong>Compatible con memoria ECC<\/strong>: Si<\/li>\n<\/ul>\n\n\n\n<p> No tiene gr\u00e1fica integrada. Hace falta instalar una gr\u00e1fica separada en el PC<\/p>\n","protected":false},"excerpt":{"rendered":"<p>El Core i7 14700K es un procesador desbloqueado con 8 n\u00facleos de alto rendimiento y 12 n\u00facleos de alta eficiencia. Sin gr\u00e1fica incorporada <\/p>\n","protected":false},"featured_media":33127,"comment_status":"open","ping_status":"closed","template":"","meta":{"_coblocks_attr":"","_coblocks_dimensions":"","_coblocks_responsive_height":"","_coblocks_accordion_ie_support":""},"product_brand":[],"product_cat":[125],"product_tag":[129],"class_list":{"0":"post-33130","1":"product","2":"type-product","3":"status-publish","4":"has-post-thumbnail","6":"product_cat-lga1700","7":"product_tag-core-i7","9":"first","10":"instock","11":"taxable","12":"shipping-taxable","13":"purchasable","14":"product-type-simple"},"_links":{"self":[{"href":"https:\/\/changlonet.com\/tienda\/wp-json\/wp\/v2\/product\/33130","targetHints":{"allow":["GET"]}}],"collection":[{"href":"https:\/\/changlonet.com\/tienda\/wp-json\/wp\/v2\/product"}],"about":[{"href":"https:\/\/changlonet.com\/tienda\/wp-json\/wp\/v2\/types\/product"}],"replies":[{"embeddable":true,"href":"https:\/\/changlonet.com\/tienda\/wp-json\/wp\/v2\/comments?post=33130"}],"version-history":[{"count":0,"href":"https:\/\/changlonet.com\/tienda\/wp-json\/wp\/v2\/product\/33130\/revisions"}],"wp:featuredmedia":[{"embeddable":true,"href":"https:\/\/changlonet.com\/tienda\/wp-json\/wp\/v2\/media\/33127"}],"wp:attachment":[{"href":"https:\/\/changlonet.com\/tienda\/wp-json\/wp\/v2\/media?parent=33130"}],"wp:term":[{"taxonomy":"product_brand","embeddable":true,"href":"https:\/\/changlonet.com\/tienda\/wp-json\/wp\/v2\/product_brand?post=33130"},{"taxonomy":"product_cat","embeddable":true,"href":"https:\/\/changlonet.com\/tienda\/wp-json\/wp\/v2\/product_cat?post=33130"},{"taxonomy":"product_tag","embeddable":true,"href":"https:\/\/changlonet.com\/tienda\/wp-json\/wp\/v2\/product_tag?post=33130"}],"curies":[{"name":"wp","href":"https:\/\/api.w.org\/{rel}","templated":true}]}}