{"id":33122,"date":"2024-01-19T16:59:25","date_gmt":"2024-01-19T16:59:25","guid":{"rendered":"https:\/\/changlonet.com\/tienda\/?post_type=product&#038;p=33122"},"modified":"2024-01-19T17:06:51","modified_gmt":"2024-01-19T17:06:51","slug":"intel-core-i7-14700","status":"publish","type":"product","link":"https:\/\/changlonet.com\/tienda\/producto\/intel-core-i7-14700\/","title":{"rendered":"Intel Core i7 14700"},"content":{"rendered":"\n<p>El procesador Intel Core i7 14700 tiene\u00a020 n\u00facleos\u00a0y\u00a028 hilos. Tiene\u00a08 n\u00facleos de alto rendimiento\u00a0que pueden alcanzar una velocidad de reloj de\u00a05,4 GHz\u00a0y\u00a012 n\u00facleos eficientes\u00a0que pueden alcanzar una velocidad de reloj de\u00a04,2 GHz. El procesador tiene una\u00a0cach\u00e9 L3 de 33 MB\u00a0y una\u00a0cach\u00e9 L2 de 28 MB. El controlador de memoria es compatible con\u00a0DDR4 \/ DDR5\u00a0y el procesador es compatible con\u00a0PCI-E 5.0. El procesador tiene un\u00a0TDP de 65 W\u00a0y un\u00a0TDP m\u00e1ximo (potencia turbo) de 219<strong> W<\/strong><\/p>\n\n\n\n<p>El procesador tambi\u00e9n cuenta con una&nbsp;GPU Intel UHD Graphics 770&nbsp;con una&nbsp;frecuencia base de gr\u00e1ficos de 300 MHz&nbsp;y una&nbsp;frecuencia din\u00e1mica m\u00e1xima de gr\u00e1ficos de 1.55 GHz. Puede usarse sin necesidad de instalar una gr\u00e1fica separada en el PC.<\/p>\n","protected":false},"excerpt":{"rendered":"<p>El Core i5 14700 es un procesador con 8 n\u00facleos de alto rendimiento y 12 n\u00facleos de alta eficiencia. Con gr\u00e1fica incorporada. No est\u00e1 desbloqueado<\/p>\n","protected":false},"featured_media":33125,"comment_status":"open","ping_status":"closed","template":"","meta":{"_coblocks_attr":"","_coblocks_dimensions":"","_coblocks_responsive_height":"","_coblocks_accordion_ie_support":""},"product_brand":[],"product_cat":[125],"product_tag":[130,129,128,131],"class_list":{"0":"post-33122","1":"product","2":"type-product","3":"status-publish","4":"has-post-thumbnail","6":"product_cat-lga1700","7":"product_tag-130","8":"product_tag-core-i7","9":"product_tag-intel","10":"product_tag-lga-1700","12":"first","13":"instock","14":"taxable","15":"shipping-taxable","16":"purchasable","17":"product-type-simple"},"_links":{"self":[{"href":"https:\/\/changlonet.com\/tienda\/wp-json\/wp\/v2\/product\/33122","targetHints":{"allow":["GET"]}}],"collection":[{"href":"https:\/\/changlonet.com\/tienda\/wp-json\/wp\/v2\/product"}],"about":[{"href":"https:\/\/changlonet.com\/tienda\/wp-json\/wp\/v2\/types\/product"}],"replies":[{"embeddable":true,"href":"https:\/\/changlonet.com\/tienda\/wp-json\/wp\/v2\/comments?post=33122"}],"version-history":[{"count":0,"href":"https:\/\/changlonet.com\/tienda\/wp-json\/wp\/v2\/product\/33122\/revisions"}],"wp:featuredmedia":[{"embeddable":true,"href":"https:\/\/changlonet.com\/tienda\/wp-json\/wp\/v2\/media\/33125"}],"wp:attachment":[{"href":"https:\/\/changlonet.com\/tienda\/wp-json\/wp\/v2\/media?parent=33122"}],"wp:term":[{"taxonomy":"product_brand","embeddable":true,"href":"https:\/\/changlonet.com\/tienda\/wp-json\/wp\/v2\/product_brand?post=33122"},{"taxonomy":"product_cat","embeddable":true,"href":"https:\/\/changlonet.com\/tienda\/wp-json\/wp\/v2\/product_cat?post=33122"},{"taxonomy":"product_tag","embeddable":true,"href":"https:\/\/changlonet.com\/tienda\/wp-json\/wp\/v2\/product_tag?post=33122"}],"curies":[{"name":"wp","href":"https:\/\/api.w.org\/{rel}","templated":true}]}}