{"id":33119,"date":"2024-01-19T16:56:54","date_gmt":"2024-01-19T16:56:54","guid":{"rendered":"https:\/\/changlonet.com\/tienda\/?post_type=product&#038;p=33119"},"modified":"2024-01-19T16:58:21","modified_gmt":"2024-01-19T16:58:21","slug":"intel-core-i5-14600kf","status":"publish","type":"product","link":"https:\/\/changlonet.com\/tienda\/producto\/intel-core-i5-14600kf\/","title":{"rendered":"Intel Core i5 14600KF"},"content":{"rendered":"\n<p>El procesador&nbsp;Intel Core i5-14600K&nbsp;es un procesador de&nbsp;14 n\u00facleos&nbsp;y&nbsp;20 subprocesos&nbsp;que se basa en&nbsp;6 n\u00facleos P-Core y 8 n\u00facleos E-Core de eficiencia. Tiene una&nbsp;frecuencia base de 3.5 GHz&nbsp;y una&nbsp;frecuencia turbo m\u00e1xima de 5.3 GHz. La memoria Smart Cache es de&nbsp;24 MB.<\/p>\n\n\n\n<p>No incluye gr\u00e1fica integrada. Para que funcione el PC hay que instalar una gr\u00e1fica separada en el PC.<\/p>\n","protected":false},"excerpt":{"rendered":"<p>El Core i5 14600K es un procesador desbloqueado con 6 n\u00facleos de alto rendimiento y 8 n\u00facleos de alta eficiencia. Sin gr\u00e1fica integrada<\/p>\n","protected":false},"featured_media":33114,"comment_status":"open","ping_status":"closed","template":"","meta":{"_coblocks_attr":"","_coblocks_dimensions":"","_coblocks_responsive_height":"","_coblocks_accordion_ie_support":""},"product_brand":[],"product_cat":[125],"product_tag":[128],"class_list":{"0":"post-33119","1":"product","2":"type-product","3":"status-publish","4":"has-post-thumbnail","6":"product_cat-lga1700","7":"product_tag-intel","9":"first","10":"instock","11":"taxable","12":"shipping-taxable","13":"purchasable","14":"product-type-simple"},"_links":{"self":[{"href":"https:\/\/changlonet.com\/tienda\/wp-json\/wp\/v2\/product\/33119","targetHints":{"allow":["GET"]}}],"collection":[{"href":"https:\/\/changlonet.com\/tienda\/wp-json\/wp\/v2\/product"}],"about":[{"href":"https:\/\/changlonet.com\/tienda\/wp-json\/wp\/v2\/types\/product"}],"replies":[{"embeddable":true,"href":"https:\/\/changlonet.com\/tienda\/wp-json\/wp\/v2\/comments?post=33119"}],"version-history":[{"count":0,"href":"https:\/\/changlonet.com\/tienda\/wp-json\/wp\/v2\/product\/33119\/revisions"}],"wp:featuredmedia":[{"embeddable":true,"href":"https:\/\/changlonet.com\/tienda\/wp-json\/wp\/v2\/media\/33114"}],"wp:attachment":[{"href":"https:\/\/changlonet.com\/tienda\/wp-json\/wp\/v2\/media?parent=33119"}],"wp:term":[{"taxonomy":"product_brand","embeddable":true,"href":"https:\/\/changlonet.com\/tienda\/wp-json\/wp\/v2\/product_brand?post=33119"},{"taxonomy":"product_cat","embeddable":true,"href":"https:\/\/changlonet.com\/tienda\/wp-json\/wp\/v2\/product_cat?post=33119"},{"taxonomy":"product_tag","embeddable":true,"href":"https:\/\/changlonet.com\/tienda\/wp-json\/wp\/v2\/product_tag?post=33119"}],"curies":[{"name":"wp","href":"https:\/\/api.w.org\/{rel}","templated":true}]}}