{"id":33113,"date":"2024-01-19T16:50:57","date_gmt":"2024-01-19T16:50:57","guid":{"rendered":"https:\/\/changlonet.com\/tienda\/?post_type=product&#038;p=33113"},"modified":"2024-01-19T16:56:27","modified_gmt":"2024-01-19T16:56:27","slug":"intel-core-i5-14600k","status":"publish","type":"product","link":"https:\/\/changlonet.com\/tienda\/producto\/intel-core-i5-14600k\/","title":{"rendered":"Intel Core i5 14600K"},"content":{"rendered":"\n<p>El procesador\u00a0Intel Core i5-14600K\u00a0es un procesador de\u00a014 n\u00facleos\u00a0y\u00a020 subprocesos\u00a0que se basa en\u00a06 n\u00facleos P-Core y 8 n\u00facleos E-Core de eficiencia. Tiene una\u00a0frecuencia base de 3.5 GHz\u00a0y una\u00a0frecuencia turbo m\u00e1xima de 5.3 GHz. La memoria Smart Cache es de\u00a024 MB.<\/p>\n\n\n\n<p>El procesador tambi\u00e9n cuenta con una\u00a0GPU Intel UHD Graphics 770\u00a0con una\u00a0frecuencia base de gr\u00e1ficos de 300 MHz\u00a0y una\u00a0frecuencia din\u00e1mica m\u00e1xima de gr\u00e1ficos de 1.55 GHz. Puede usarse sin necesidad de instalar una gr\u00e1fica separada en el PC.<\/p>\n","protected":false},"excerpt":{"rendered":"<p>El Core i5 14600K es un procesador desbloqueado con 6 n\u00facleos de alto rendimiento y 8 n\u00facleos de alta eficiencia. Con gr\u00e1fica incorporada.<\/p>\n","protected":false},"featured_media":33114,"comment_status":"open","ping_status":"closed","template":"","meta":{"_coblocks_attr":"","_coblocks_dimensions":"","_coblocks_responsive_height":"","_coblocks_accordion_ie_support":""},"product_brand":[],"product_cat":[125],"product_tag":[128],"class_list":{"0":"post-33113","1":"product","2":"type-product","3":"status-publish","4":"has-post-thumbnail","6":"product_cat-lga1700","7":"product_tag-intel","9":"first","10":"instock","11":"taxable","12":"shipping-taxable","13":"purchasable","14":"product-type-simple"},"_links":{"self":[{"href":"https:\/\/changlonet.com\/tienda\/wp-json\/wp\/v2\/product\/33113","targetHints":{"allow":["GET"]}}],"collection":[{"href":"https:\/\/changlonet.com\/tienda\/wp-json\/wp\/v2\/product"}],"about":[{"href":"https:\/\/changlonet.com\/tienda\/wp-json\/wp\/v2\/types\/product"}],"replies":[{"embeddable":true,"href":"https:\/\/changlonet.com\/tienda\/wp-json\/wp\/v2\/comments?post=33113"}],"version-history":[{"count":0,"href":"https:\/\/changlonet.com\/tienda\/wp-json\/wp\/v2\/product\/33113\/revisions"}],"wp:featuredmedia":[{"embeddable":true,"href":"https:\/\/changlonet.com\/tienda\/wp-json\/wp\/v2\/media\/33114"}],"wp:attachment":[{"href":"https:\/\/changlonet.com\/tienda\/wp-json\/wp\/v2\/media?parent=33113"}],"wp:term":[{"taxonomy":"product_brand","embeddable":true,"href":"https:\/\/changlonet.com\/tienda\/wp-json\/wp\/v2\/product_brand?post=33113"},{"taxonomy":"product_cat","embeddable":true,"href":"https:\/\/changlonet.com\/tienda\/wp-json\/wp\/v2\/product_cat?post=33113"},{"taxonomy":"product_tag","embeddable":true,"href":"https:\/\/changlonet.com\/tienda\/wp-json\/wp\/v2\/product_tag?post=33113"}],"curies":[{"name":"wp","href":"https:\/\/api.w.org\/{rel}","templated":true}]}}