{"id":33069,"date":"2024-01-18T12:08:40","date_gmt":"2024-01-18T12:08:40","guid":{"rendered":"https:\/\/changlonet.com\/tienda\/producto\/ventilador-aerocool-force-8-8cm\/"},"modified":"2024-01-18T12:08:43","modified_gmt":"2024-01-18T12:08:43","slug":"ventilador-aerocool-force-8-8cm","status":"publish","type":"product","link":"https:\/\/changlonet.com\/tienda\/producto\/ventilador-aerocool-force-8-8cm\/","title":{"rendered":"Ventilador aerocool forc\u00e9 8\/ 8cm"},"content":{"rendered":"<p><span style='background-color: initial;'>Force 8 es un ventilador de prestaciones incre\u00edbles: con un tama\u00f1o de 80mm, ofrece una refrigeraci\u00f3n \u00f3ptima con la que proteger tus componentes y alargar su vida \u00fatil todo lo posible, disfrutando de tu ordenador a m\u00e1xima potencia y sacando todo el partido a tus juegos.<\/span><\/p>\n<ul>\n<li>Equipado con conector Molex de 3 pines<\/li>\n<li>Aspas de ventilador curvas para m\u00e1ximo rendimiento de refrigeraci\u00f3n<\/li>\n<li>Equipados con aspas rojas, azules o negras<\/li>\n<li>Velocidad de ventilador de hasta 1500 RPM<\/li>\n<\/ul>\n<h4>DURADERO Y F\u00c1CIL DE INSTALAR<\/h4>\n<p>Est\u00e1 equipado con un conector Molex + conector de 3 pines, y ha sido fabricado con los mejores componentes para facilitar una vida \u00fatil de hasta 40.000 horas. Esto convierte al Force 8 en la opci\u00f3n perfecta para renovar tu viejo ventilador, ofreci\u00e9ndote una potente relaci\u00f3n calidad-precio.<\/p>\n<h4>RENDIMIENTO SILENCIOSO<\/h4>\n<p>El dise\u00f1o del Force 8 est\u00e1 preparado para ofrecer un funcionamiento \u00f3ptimo minimizando la resistencia y el ruido del ventilador. Las aspas maximizan la refrigeraci\u00f3n manteniendo un bajo nivel de decibelios, y junto a los soportes de amortiguaci\u00f3n incorporados consiguen un rendimiento ideal para tu ordenador.<\/p>\n<p><\/p>\n<div>\n<ul>\n<li><b>INFORMACI\u00d3N ADICIONAL<\/b><\/li>\n<li>Peso 2.7 kg<\/li>\n<li>Dimensiones 8 \u00d7 8 \u00d7 25 cm<\/li>\n<\/ul>\n<p><\/div>\n","protected":false},"excerpt":{"rendered":"<p>Ventilador Aerocool Forc\u00e9 8\/ 8cm<\/p>\n","protected":false},"featured_media":33068,"comment_status":"open","ping_status":"closed","template":"","meta":{"_coblocks_attr":"","_coblocks_dimensions":"","_coblocks_responsive_height":"","_coblocks_accordion_ie_support":""},"product_brand":[],"product_cat":[116],"product_tag":[],"class_list":{"0":"post-33069","1":"product","2":"type-product","3":"status-publish","4":"has-post-thumbnail","6":"product_cat-disipadores","8":"first","9":"instock","10":"taxable","11":"shipping-taxable","12":"purchasable","13":"product-type-simple"},"_links":{"self":[{"href":"https:\/\/changlonet.com\/tienda\/wp-json\/wp\/v2\/product\/33069","targetHints":{"allow":["GET"]}}],"collection":[{"href":"https:\/\/changlonet.com\/tienda\/wp-json\/wp\/v2\/product"}],"about":[{"href":"https:\/\/changlonet.com\/tienda\/wp-json\/wp\/v2\/types\/product"}],"replies":[{"embeddable":true,"href":"https:\/\/changlonet.com\/tienda\/wp-json\/wp\/v2\/comments?post=33069"}],"version-history":[{"count":0,"href":"https:\/\/changlonet.com\/tienda\/wp-json\/wp\/v2\/product\/33069\/revisions"}],"wp:featuredmedia":[{"embeddable":true,"href":"https:\/\/changlonet.com\/tienda\/wp-json\/wp\/v2\/media\/33068"}],"wp:attachment":[{"href":"https:\/\/changlonet.com\/tienda\/wp-json\/wp\/v2\/media?parent=33069"}],"wp:term":[{"taxonomy":"product_brand","embeddable":true,"href":"https:\/\/changlonet.com\/tienda\/wp-json\/wp\/v2\/product_brand?post=33069"},{"taxonomy":"product_cat","embeddable":true,"href":"https:\/\/changlonet.com\/tienda\/wp-json\/wp\/v2\/product_cat?post=33069"},{"taxonomy":"product_tag","embeddable":true,"href":"https:\/\/changlonet.com\/tienda\/wp-json\/wp\/v2\/product_tag?post=33069"}],"curies":[{"name":"wp","href":"https:\/\/api.w.org\/{rel}","templated":true}]}}