{"id":33063,"date":"2024-01-18T12:08:36","date_gmt":"2024-01-18T12:08:36","guid":{"rendered":"https:\/\/changlonet.com\/tienda\/producto\/ventilador-aerocool-force-12-12-cm\/"},"modified":"2024-01-18T12:08:38","modified_gmt":"2024-01-18T12:08:38","slug":"ventilador-aerocool-force-12-12-cm","status":"publish","type":"product","link":"https:\/\/changlonet.com\/tienda\/producto\/ventilador-aerocool-force-12-12-cm\/","title":{"rendered":"Ventilador aerocool forc\u00e9 12\/ 12 cm"},"content":{"rendered":"<p><p>El ventilador Force 12 de Aerocool te proporciona una potente refrigeraci\u00f3n f\u00e1cilmente de instalar y con una magn\u00edfica relaci\u00f3n consumo-eficiencia. Est\u00e1 equipado con aspas curvas optimizadas y conector Molex + conector de 3pines, para garantizar un funcionamiento perfecto de hasta 40.000 horas de vida \u00fatil.<\/p>\n<ul>\n<li>Equipado con conector Molex de 3 pines<\/li>\n<li>Aspas de ventilador curvas para m\u00e1ximo rendimiento de refrigeraci\u00f3n<\/li>\n<li>Equipado con aspas rojas, azules o negras<\/li>\n<li>Velocidad de ventilador de 1000 RPM<\/li>\n<\/ul>\n<h4>RENDIMIENTO \u00d3PTIMO<\/h4>\n<p>Las aspas del ventilador cuentan con un dise\u00f1o curvo para maximizar la refrigeraci\u00f3n y minimizar la resistencia y el ruido, logrando un rendimiento \u00f3ptimo con el que proteger tus componentes de las altas temperaturas a la hora de disfrutar de tus juegos con la mejor calidad.<\/p>\n<h4>M\u00c1XIMA DURABILIDAD<\/h4>\n<p>Equipado con soportes de amortiguaci\u00f3n antideslizamiento, el ventilador Force 12 no solo emite un bajo nivel de ruido sino que adem\u00e1s protege tus componentes de la vibraci\u00f3n derivada de la rotaci\u00f3n de las aspas, alcanzando una vida \u00fatil de hasta 40.000 horas y minimizando la resistencia del aire a la hora de refrigerar el interior de tu PC.<\/p>\n<p><\/p>\n","protected":false},"excerpt":{"rendered":"<p>Ventilador Aerocool Forc\u00e9 12\/ 12 cm<\/p>\n","protected":false},"featured_media":33062,"comment_status":"open","ping_status":"closed","template":"","meta":{"_coblocks_attr":"","_coblocks_dimensions":"","_coblocks_responsive_height":"","_coblocks_accordion_ie_support":""},"product_brand":[],"product_cat":[116],"product_tag":[],"class_list":{"0":"post-33063","1":"product","2":"type-product","3":"status-publish","4":"has-post-thumbnail","6":"product_cat-disipadores","8":"first","9":"instock","10":"taxable","11":"shipping-taxable","12":"purchasable","13":"product-type-simple"},"_links":{"self":[{"href":"https:\/\/changlonet.com\/tienda\/wp-json\/wp\/v2\/product\/33063","targetHints":{"allow":["GET"]}}],"collection":[{"href":"https:\/\/changlonet.com\/tienda\/wp-json\/wp\/v2\/product"}],"about":[{"href":"https:\/\/changlonet.com\/tienda\/wp-json\/wp\/v2\/types\/product"}],"replies":[{"embeddable":true,"href":"https:\/\/changlonet.com\/tienda\/wp-json\/wp\/v2\/comments?post=33063"}],"version-history":[{"count":0,"href":"https:\/\/changlonet.com\/tienda\/wp-json\/wp\/v2\/product\/33063\/revisions"}],"wp:featuredmedia":[{"embeddable":true,"href":"https:\/\/changlonet.com\/tienda\/wp-json\/wp\/v2\/media\/33062"}],"wp:attachment":[{"href":"https:\/\/changlonet.com\/tienda\/wp-json\/wp\/v2\/media?parent=33063"}],"wp:term":[{"taxonomy":"product_brand","embeddable":true,"href":"https:\/\/changlonet.com\/tienda\/wp-json\/wp\/v2\/product_brand?post=33063"},{"taxonomy":"product_cat","embeddable":true,"href":"https:\/\/changlonet.com\/tienda\/wp-json\/wp\/v2\/product_cat?post=33063"},{"taxonomy":"product_tag","embeddable":true,"href":"https:\/\/changlonet.com\/tienda\/wp-json\/wp\/v2\/product_tag?post=33063"}],"curies":[{"name":"wp","href":"https:\/\/api.w.org\/{rel}","templated":true}]}}