{"id":33045,"date":"2024-01-18T12:08:18","date_gmt":"2024-01-18T12:08:18","guid":{"rendered":"https:\/\/changlonet.com\/tienda\/producto\/fuente-de-alimentacion-aerocool-vx-plus-550-550w-ventilador-12cm\/"},"modified":"2024-01-18T12:08:21","modified_gmt":"2024-01-18T12:08:21","slug":"fuente-de-alimentacion-aerocool-vx-plus-550-550w-ventilador-12cm","status":"publish","type":"product","link":"https:\/\/changlonet.com\/tienda\/producto\/fuente-de-alimentacion-aerocool-vx-plus-550-550w-ventilador-12cm\/","title":{"rendered":"Fuente de alimentaci\u00f3n aerocool vx plus 550\/ 550w\/ ventilador 12cm"},"content":{"rendered":"<h4>VX PLUS 550<\/h4>\n<p>VX PLUS ofrece la mejor relaci\u00f3n calidad-precio que pueda obtener en una fuente de alimentaci\u00f3n, junto con una instalaci\u00f3n sencilla y un rendimiento de primera categor\u00eda, lo que la convierte en la fuente de alimentaci\u00f3n inicial perfecta para los constructores de sistemas de nivel b\u00e1sico.<\/p>\n<h4>Dise\u00f1o mejorado<\/h4>\n<p> Equipado con un exclusivo dise\u00f1o de cubierta superior, la VX PLUS luce mejor que nunca y mejora el aspecto y la sensaci\u00f3n de cualquier configuraci\u00f3n de juego.<\/p>\n<h4>Velocidad optimizada del ventilador<\/h4>\n<p> Ventilador silencioso de 12 cm con control de velocidad de ventilador inteligente optimizado. El ventilador funciona a velocidad de inicio antes de alcanzar el 50% de carga a 25 ? de temperatura ambiente.<\/p>\n<div>\n<div>\n<h4>Transformador mejorado<\/h4>\n<div>El transformador mejorado mejora el equilibrio entre las regulaciones de voltaje de 12 V, 3,3 V y 5 V y mejora la estabilidad, lo que permite un soporte pesado del sistema de carga de 12 V.<\/div>\n<h4>RPM del Ventilador optimizado<\/h4>\n<div>Ventilador silencioso de 12 cm con control inteligente optimizado de la velocidad del ventilador.\u00a0El ventilador funciona a velocidad de arranque antes de alcanzar el 50 % de carga a una temperatura ambiente de 25 &#8451;.<\/div>\n<div>\n<ul>\n<li>La fuente de alimentaci\u00f3n mejor valorada por los constructores de sistemas de nivel de entrada.<\/li>\n<li>Nuevo y exclusivo dise\u00f1o de tapa superior VX.<\/li>\n<li>Compatible con ATX 12 V 2.3.<\/li>\n<li>El transformador actualizado mejora el equilibrio entre las regulaciones de voltaje de 12 V, 3,3 V y 5 V y mejora la estabilidad, permitiendo un soporte de un pesado sistema de carga de 12 V.<\/li>\n<li>El potente ra\u00edl simple de +12 V ofrece salida de CC m\u00e1s compatible para admitir tarjetas gr\u00e1ficas y CPU de alta gama.<\/li>\n<li>SECC de gama alta con carcasa con revestimiento negro.<\/li>\n<li>Ventilador silencioso de 12 cm con control de velocidad de ventilador inteligente optimizado. El ventilador funciona a velocidad de inicio antes de alcanzar el 50% de carga a 25 ? de temperatura ambiente.<\/li>\n<li>Modo de ahorro de energ\u00eda C6\/C7 compatible con los procesadores Intel m\u00e1s nuevos desde la 4\u00aa generaci\u00f3n.<\/li>\n<li>El cable principal largo de 500 mm admite una carcasa de gama alta con la fuente de alimentaci\u00f3n montada en la parte inferior.<\/li>\n<li>Incluye protecci\u00f3n el\u00e9ctrica OPP\/OVP\/UVP\/SCP\/SIP.<\/li>\n<\/ul>\n<p><\/div>\n<\/div>\n<\/div>\n","protected":false},"excerpt":{"rendered":"<p>Fuente de Alimentaci\u00f3n Aerocool VX Plus 550\/ 550W\/ Ventilador 12cm<\/p>\n","protected":false},"featured_media":33044,"comment_status":"open","ping_status":"closed","template":"","meta":{"_coblocks_attr":"","_coblocks_dimensions":"","_coblocks_responsive_height":"","_coblocks_accordion_ie_support":""},"product_brand":[],"product_cat":[115],"product_tag":[],"class_list":{"0":"post-33045","1":"product","2":"type-product","3":"status-publish","4":"has-post-thumbnail","6":"product_cat-fuentes-alimentacion","8":"first","9":"instock","10":"taxable","11":"shipping-taxable","12":"purchasable","13":"product-type-simple"},"_links":{"self":[{"href":"https:\/\/changlonet.com\/tienda\/wp-json\/wp\/v2\/product\/33045","targetHints":{"allow":["GET"]}}],"collection":[{"href":"https:\/\/changlonet.com\/tienda\/wp-json\/wp\/v2\/product"}],"about":[{"href":"https:\/\/changlonet.com\/tienda\/wp-json\/wp\/v2\/types\/product"}],"replies":[{"embeddable":true,"href":"https:\/\/changlonet.com\/tienda\/wp-json\/wp\/v2\/comments?post=33045"}],"version-history":[{"count":0,"href":"https:\/\/changlonet.com\/tienda\/wp-json\/wp\/v2\/product\/33045\/revisions"}],"wp:featuredmedia":[{"embeddable":true,"href":"https:\/\/changlonet.com\/tienda\/wp-json\/wp\/v2\/media\/33044"}],"wp:attachment":[{"href":"https:\/\/changlonet.com\/tienda\/wp-json\/wp\/v2\/media?parent=33045"}],"wp:term":[{"taxonomy":"product_brand","embeddable":true,"href":"https:\/\/changlonet.com\/tienda\/wp-json\/wp\/v2\/product_brand?post=33045"},{"taxonomy":"product_cat","embeddable":true,"href":"https:\/\/changlonet.com\/tienda\/wp-json\/wp\/v2\/product_cat?post=33045"},{"taxonomy":"product_tag","embeddable":true,"href":"https:\/\/changlonet.com\/tienda\/wp-json\/wp\/v2\/product_tag?post=33045"}],"curies":[{"name":"wp","href":"https:\/\/api.w.org\/{rel}","templated":true}]}}