{"id":33038,"date":"2024-01-18T12:08:12","date_gmt":"2024-01-18T12:08:12","guid":{"rendered":"https:\/\/changlonet.com\/tienda\/producto\/fuente-de-alimentacion-aerocool-lux-rgb-750m-750w-ventilador-12cm-80-plus-bronze\/"},"modified":"2024-01-18T12:08:14","modified_gmt":"2024-01-18T12:08:14","slug":"fuente-de-alimentacion-aerocool-lux-rgb-750m-750w-ventilador-12cm-80-plus-bronze","status":"publish","type":"product","link":"https:\/\/changlonet.com\/tienda\/producto\/fuente-de-alimentacion-aerocool-lux-rgb-750m-750w-ventilador-12cm-80-plus-bronze\/","title":{"rendered":"Fuente de alimentaci\u00f3n aerocool lux rgb 750m\/ 750w\/ ventilador 12cm\/ 80 plus bronze"},"content":{"rendered":"<p><h4>Estiloso Dise\u00f1o RGB<\/h4>\n<p>La fuente de alimentaci\u00f3n LUX RGB viene equipada con iluminaci\u00f3n LED RGB para alimentar tu sistema con estilo.<br \/>Haga que su sistema cobre vida con 13 efectos de iluminaci\u00f3n \u00fanicos que se pueden controlar a trav\u00e9s del bot\u00f3n de control LED.<\/p>\n<h4>Compatible Con Addressable RGB<\/h4>\n<p>Imprima su estilo y personalice la iluminaci\u00f3n con 16,8 millones de colores. Esta fuente de alimentaci\u00f3n es compatible con las placas base RGB direccionables que usan un conector RGB direccionable de + 5V.<\/p>\n<h4>Dise\u00f1o Semi Modular<\/h4>\n<p>El dise\u00f1o inteligente semi-modular, junto con los cables flexibles, negros y planos, facilita la administraci\u00f3n e instalaci\u00f3n de los cables.<\/p>\n<ul>\n<li>Certificado con el Bronze EU 80Plus 230V para rendimiento de alta eficiencia.<\/li>\n<li>Esta fuente de alimentaci\u00f3n es compatible con las placas base RGB direccionables que usan un conector RGB direccionable de + 5V<\/li>\n<li>Haga que su sistema cobre vida con 13 efectos de iluminaci\u00f3n \u00fanicos que se pueden controlar a trav\u00e9s del bot\u00f3n de control LED<\/li>\n<li>El dise\u00f1o inteligente semi-modular, junto con los cables flexibles, negros y planos, facilita la administraci\u00f3n e instalaci\u00f3n de los cables.<\/li>\n<li>Ventilador negro y silencioso de 12 cm con control optimizado de la velocidad de ventilaci\u00f3n t\u00e9rmica. El ventilador funciona a la velocidad de arranque (menos de 800 RPM) antes de alcanzar el 60% de carga a 25\u00ba C de temperatura ambiente.<\/li>\n<li>Los cables blandos, negros y planos permiten una administraci\u00f3n de cables m\u00e1s conveniente y una instalaci\u00f3n m\u00e1s f\u00e1cil<\/li>\n<li>Compatible con todos los factores de forma de Intel hasta ATX12V Ver. 2.4<\/li>\n<\/ul>\n<p><\/p>\n","protected":false},"excerpt":{"rendered":"<p>Fuente de Alimentaci\u00f3n Aerocool LUX RGB 750M\/ 750W\/ Ventilador 12cm\/ 80 Plus Bronze<\/p>\n","protected":false},"featured_media":33037,"comment_status":"open","ping_status":"closed","template":"","meta":{"_coblocks_attr":"","_coblocks_dimensions":"","_coblocks_responsive_height":"","_coblocks_accordion_ie_support":""},"product_brand":[],"product_cat":[115],"product_tag":[],"class_list":{"0":"post-33038","1":"product","2":"type-product","3":"status-publish","4":"has-post-thumbnail","6":"product_cat-fuentes-alimentacion","8":"first","9":"instock","10":"taxable","11":"shipping-taxable","12":"purchasable","13":"product-type-simple"},"_links":{"self":[{"href":"https:\/\/changlonet.com\/tienda\/wp-json\/wp\/v2\/product\/33038","targetHints":{"allow":["GET"]}}],"collection":[{"href":"https:\/\/changlonet.com\/tienda\/wp-json\/wp\/v2\/product"}],"about":[{"href":"https:\/\/changlonet.com\/tienda\/wp-json\/wp\/v2\/types\/product"}],"replies":[{"embeddable":true,"href":"https:\/\/changlonet.com\/tienda\/wp-json\/wp\/v2\/comments?post=33038"}],"version-history":[{"count":0,"href":"https:\/\/changlonet.com\/tienda\/wp-json\/wp\/v2\/product\/33038\/revisions"}],"wp:featuredmedia":[{"embeddable":true,"href":"https:\/\/changlonet.com\/tienda\/wp-json\/wp\/v2\/media\/33037"}],"wp:attachment":[{"href":"https:\/\/changlonet.com\/tienda\/wp-json\/wp\/v2\/media?parent=33038"}],"wp:term":[{"taxonomy":"product_brand","embeddable":true,"href":"https:\/\/changlonet.com\/tienda\/wp-json\/wp\/v2\/product_brand?post=33038"},{"taxonomy":"product_cat","embeddable":true,"href":"https:\/\/changlonet.com\/tienda\/wp-json\/wp\/v2\/product_cat?post=33038"},{"taxonomy":"product_tag","embeddable":true,"href":"https:\/\/changlonet.com\/tienda\/wp-json\/wp\/v2\/product_tag?post=33038"}],"curies":[{"name":"wp","href":"https:\/\/api.w.org\/{rel}","templated":true}]}}