{"id":33025,"date":"2024-01-18T12:08:01","date_gmt":"2024-01-18T12:08:01","guid":{"rendered":"https:\/\/changlonet.com\/tienda\/producto\/fuente-de-alimentacion-aerocool-lux-rgb-550m-550w-ventilador-12cm-80-plus-bronze\/"},"modified":"2024-01-18T12:08:04","modified_gmt":"2024-01-18T12:08:04","slug":"fuente-de-alimentacion-aerocool-lux-rgb-550m-550w-ventilador-12cm-80-plus-bronze","status":"publish","type":"product","link":"https:\/\/changlonet.com\/tienda\/producto\/fuente-de-alimentacion-aerocool-lux-rgb-550m-550w-ventilador-12cm-80-plus-bronze\/","title":{"rendered":"Fuente de alimentaci\u00f3n aerocool lux rgb 550m\/ 550w\/ ventilador 12cm\/ 80 plus bronze"},"content":{"rendered":"<p><p>Dise\u00f1ada para proporcionar energ\u00eda y espectacularidad a tu PC, la fuente de alimentaci\u00f3n LUX RGB te ofrece hasta 13 efectos de iluminaci\u00f3n \u00fanicos con su sistema LED RGB. Adem\u00e1s, cuenta con las mejores prestaciones para sustituir tu vieja fuente y disfrutar de un potente abanico de colores dentro de tu PC, gracias a su certificado 80Plus Bronze 230V EU.<\/p>\n<ul>\n<li>Certificado 80Plus Bronze 230V EU para rendimiento de alta eficiencia<\/li>\n<li>Compatible con placas base RGB Addressable<\/li>\n<li>13 efectos de iluminaci\u00f3n LED RGB \u00fanicos<\/li>\n<li>Ventilador negro y silencioso de 12cm con control t\u00e9rmico de velocidad<\/li>\n<li>Cables planos para una instalaci\u00f3n f\u00e1cil y r\u00e1pida<\/li>\n<li>Compatible con todos los factores de forma Intel de hasta ATX12V Ver. 2.4<\/li>\n<\/ul>\n<h4>PRISM LED RGB<\/h4>\n<p>La LUX RGB de Aerocool est\u00e1 equipada con un sistema Prism LED RGB, un dise\u00f1o multicolor con 13 efectos distintos controlables a trav\u00e9s de un switch de control LED ubicado en la propia fuente, y compatible con placas base con RGB Addressable. Se acabaron las fuentes de alimentaci\u00f3n aburridas: la LUX RGB es el complemento ideal para todo amante de los setups iluminados y las cajas con ventana.<\/p>\n<h4>RENDIMIENTO \u00d3PTIMO<\/h4>\n<p>La fuente LUX RGB te ofrece un rendimiento como nunca antes. Dispone de un dise\u00f1o semimodular inteligente con una c\u00f3moda gesti\u00f3n del cableado, y su \u00e1rea de ventilaci\u00f3n se ha incrementado un 30% m\u00e1s de lo habitual para potenciar el flujo del aire. Adem\u00e1s, su certificado 80Plus Bronze 230V garantiza hasta un 88%+ m\u00e1s de eficiencia energ\u00e9tica.<\/p><\/p>\n","protected":false},"excerpt":{"rendered":"<p>Fuente de Alimentaci\u00f3n Aerocool LUX RGB 550M\/ 550W\/ Ventilador 12cm\/ 80 Plus Bronze<\/p>\n","protected":false},"featured_media":33024,"comment_status":"open","ping_status":"closed","template":"","meta":{"_coblocks_attr":"","_coblocks_dimensions":"","_coblocks_responsive_height":"","_coblocks_accordion_ie_support":""},"product_brand":[],"product_cat":[115],"product_tag":[],"class_list":{"0":"post-33025","1":"product","2":"type-product","3":"status-publish","4":"has-post-thumbnail","6":"product_cat-fuentes-alimentacion","8":"first","9":"instock","10":"taxable","11":"shipping-taxable","12":"purchasable","13":"product-type-simple"},"_links":{"self":[{"href":"https:\/\/changlonet.com\/tienda\/wp-json\/wp\/v2\/product\/33025","targetHints":{"allow":["GET"]}}],"collection":[{"href":"https:\/\/changlonet.com\/tienda\/wp-json\/wp\/v2\/product"}],"about":[{"href":"https:\/\/changlonet.com\/tienda\/wp-json\/wp\/v2\/types\/product"}],"replies":[{"embeddable":true,"href":"https:\/\/changlonet.com\/tienda\/wp-json\/wp\/v2\/comments?post=33025"}],"version-history":[{"count":0,"href":"https:\/\/changlonet.com\/tienda\/wp-json\/wp\/v2\/product\/33025\/revisions"}],"wp:featuredmedia":[{"embeddable":true,"href":"https:\/\/changlonet.com\/tienda\/wp-json\/wp\/v2\/media\/33024"}],"wp:attachment":[{"href":"https:\/\/changlonet.com\/tienda\/wp-json\/wp\/v2\/media?parent=33025"}],"wp:term":[{"taxonomy":"product_brand","embeddable":true,"href":"https:\/\/changlonet.com\/tienda\/wp-json\/wp\/v2\/product_brand?post=33025"},{"taxonomy":"product_cat","embeddable":true,"href":"https:\/\/changlonet.com\/tienda\/wp-json\/wp\/v2\/product_cat?post=33025"},{"taxonomy":"product_tag","embeddable":true,"href":"https:\/\/changlonet.com\/tienda\/wp-json\/wp\/v2\/product_tag?post=33025"}],"curies":[{"name":"wp","href":"https:\/\/api.w.org\/{rel}","templated":true}]}}