{"id":33018,"date":"2024-01-18T12:07:51","date_gmt":"2024-01-18T12:07:51","guid":{"rendered":"https:\/\/changlonet.com\/tienda\/producto\/ventilador-3go-fan12-12cm\/"},"modified":"2024-01-18T12:07:51","modified_gmt":"2024-01-18T12:07:51","slug":"ventilador-3go-fan12-12cm","status":"publish","type":"product","link":"https:\/\/changlonet.com\/tienda\/producto\/ventilador-3go-fan12-12cm\/","title":{"rendered":"Ventilador 3go fan12\/ 12cm"},"content":{"rendered":"<p>\n<h4>Ventilador adicional para Pc 120mm<\/h4>\n<p>Ventilador adicional de dise\u00f1o actual para caja de 12\u00d712cm de color NEGRO, para darle un toque moderno a su pc.<br \/>Con el Fan12BK, podr\u00e1s ofrecerle una refrigeraci\u00f3n \u00f3ptima extra a tu ordenador.<br \/>Con una velocidad de 1.200rpm y un flujo de aire de 43.96 cfm, es uno de los ventiladores m\u00e1s silencioso, gracias a sus rodamientos Hydraumatic, que s\u00f3lo dan un nivel de ruido de 16dBA\u00b110%<\/p>\n<ul>\n<li>Conector de Alimentaci\u00f3n de 4Pins<\/li>\n<li>F\u00e1cil montaje.<\/li>\n<li>Anti-vibraci\u00f3n<\/li>\n<li>Vida \u00fatil : 40,000 horas<\/li>\n<li>Intensidad : 0.10\u00b10.02 Amp<\/li>\n<li>Dimensiones 12&#215;12 cm<\/li>\n<li>Velocidad 1200 rpm \u00b110%<\/li>\n<li>Flujo de aire 43.96 CFM<\/li>\n<li>Voltaje 12V<\/li>\n<li>Ruido 16dB \u00b110%<\/li>\n<li>Color Negro<\/li>\n<\/ul>\n<div><\/div>\n<\/p>\n<p><\/p>\n","protected":false},"excerpt":{"rendered":"<p>Ventilador 3GO FAN12\/ 12cm<\/p>\n","protected":false},"featured_media":33017,"comment_status":"open","ping_status":"closed","template":"","meta":{"_coblocks_attr":"","_coblocks_dimensions":"","_coblocks_responsive_height":"","_coblocks_accordion_ie_support":""},"product_brand":[],"product_cat":[116],"product_tag":[],"class_list":{"0":"post-33018","1":"product","2":"type-product","3":"status-publish","4":"has-post-thumbnail","6":"product_cat-disipadores","8":"first","9":"instock","10":"taxable","11":"shipping-taxable","12":"purchasable","13":"product-type-simple"},"_links":{"self":[{"href":"https:\/\/changlonet.com\/tienda\/wp-json\/wp\/v2\/product\/33018","targetHints":{"allow":["GET"]}}],"collection":[{"href":"https:\/\/changlonet.com\/tienda\/wp-json\/wp\/v2\/product"}],"about":[{"href":"https:\/\/changlonet.com\/tienda\/wp-json\/wp\/v2\/types\/product"}],"replies":[{"embeddable":true,"href":"https:\/\/changlonet.com\/tienda\/wp-json\/wp\/v2\/comments?post=33018"}],"version-history":[{"count":0,"href":"https:\/\/changlonet.com\/tienda\/wp-json\/wp\/v2\/product\/33018\/revisions"}],"wp:featuredmedia":[{"embeddable":true,"href":"https:\/\/changlonet.com\/tienda\/wp-json\/wp\/v2\/media\/33017"}],"wp:attachment":[{"href":"https:\/\/changlonet.com\/tienda\/wp-json\/wp\/v2\/media?parent=33018"}],"wp:term":[{"taxonomy":"product_brand","embeddable":true,"href":"https:\/\/changlonet.com\/tienda\/wp-json\/wp\/v2\/product_brand?post=33018"},{"taxonomy":"product_cat","embeddable":true,"href":"https:\/\/changlonet.com\/tienda\/wp-json\/wp\/v2\/product_cat?post=33018"},{"taxonomy":"product_tag","embeddable":true,"href":"https:\/\/changlonet.com\/tienda\/wp-json\/wp\/v2\/product_tag?post=33018"}],"curies":[{"name":"wp","href":"https:\/\/api.w.org\/{rel}","templated":true}]}}