{"id":33007,"date":"2024-01-18T12:07:42","date_gmt":"2024-01-18T12:07:42","guid":{"rendered":"https:\/\/changlonet.com\/tienda\/producto\/fuente-de-alimentacion-droxio-ps750sxr-750w-ventilador-14cm\/"},"modified":"2024-01-18T12:07:42","modified_gmt":"2024-01-18T12:07:42","slug":"fuente-de-alimentacion-droxio-ps750sxr-750w-ventilador-14cm","status":"publish","type":"product","link":"https:\/\/changlonet.com\/tienda\/producto\/fuente-de-alimentacion-droxio-ps750sxr-750w-ventilador-14cm\/","title":{"rendered":"Fuente de alimentaci\u00f3n droxio ps750sxr\/ 750w\/ ventilador 14cm"},"content":{"rendered":"<p>Toda la potencia que necesitas en tu ordenador est\u00e1 en nuestra fuente de alimentaci\u00f3n PS750SXR.&nbsp;<span style='background-color: initial;'>Nuestra fuente de alimentaci\u00f3n PREMIUM de alto rendimiento para equipos Gaming de alto consumo.&nbsp;<\/span><span style='background-color: initial;'>Potencia de 750 W reales con una eficiencia del 85%, est\u00e1 disponible con cables mallados y de muy alta calidad para asegurar la m\u00e1xima seguridad del mercado.&nbsp;<\/span><span style='background-color: initial;'>Adem\u00e1s, incluye un ventilador silencioso para que te puedas concentrar en lo importante.&nbsp;<\/span><\/p>\n<p><span style='background-color: initial;'>Con APFC proporcionando un flujo de potencia constante garantizado y el elegante dise\u00f1o con el cuerpo acabado en negro anodizado hacen de PS750SXR una fuente de alimentaci\u00f3n de alta potencia con un coste muy competitivo.<\/span><\/p>\n<p><\/p>\n<p>\n<ul>\n<li><b>Especificaciones<\/b><\/li>\n<li>Potencia: 750W<\/li>\n<li>PFC: Activo (rango completo)<\/li>\n<li>Ventilador: 14cm silenciosos (verde)<\/li>\n<li>Seguridad: APFC (full range), TC, full safety 85% efficiency<\/li>\n<li>Cable alimentaci\u00f3n: negro mallado con enchufe schuko europeo de 1,5 m.<\/li>\n<li>Longitud cables internos: 500 mm.<\/li>\n<li>Conexiones: \u00d3ptico 20 + 4Pin \/ P8 \/ P4 + P4 \/6 x Molex \/ 1 x Floppy \/ 8 x Sata (2 sata by 1 line) \/ PCIE-6PIN x 2 \/ PCIE-6 + 2P x 2<\/li>\n<li>Dimensiones: 160 x 150 x 85 mm.<\/li>\n<li>Peso: 1,95 Kg.<\/li>\n<\/ul>\n<p><\/p>\n","protected":false},"excerpt":{"rendered":"<p>Fuente de Alimentaci\u00f3n Droxio PS750SXR\/ 750W\/ Ventilador 14cm<\/p>\n","protected":false},"featured_media":33006,"comment_status":"open","ping_status":"closed","template":"","meta":{"_coblocks_attr":"","_coblocks_dimensions":"","_coblocks_responsive_height":"","_coblocks_accordion_ie_support":""},"product_brand":[],"product_cat":[115],"product_tag":[],"class_list":{"0":"post-33007","1":"product","2":"type-product","3":"status-publish","4":"has-post-thumbnail","6":"product_cat-fuentes-alimentacion","8":"first","9":"instock","10":"taxable","11":"shipping-taxable","12":"purchasable","13":"product-type-simple"},"_links":{"self":[{"href":"https:\/\/changlonet.com\/tienda\/wp-json\/wp\/v2\/product\/33007","targetHints":{"allow":["GET"]}}],"collection":[{"href":"https:\/\/changlonet.com\/tienda\/wp-json\/wp\/v2\/product"}],"about":[{"href":"https:\/\/changlonet.com\/tienda\/wp-json\/wp\/v2\/types\/product"}],"replies":[{"embeddable":true,"href":"https:\/\/changlonet.com\/tienda\/wp-json\/wp\/v2\/comments?post=33007"}],"version-history":[{"count":0,"href":"https:\/\/changlonet.com\/tienda\/wp-json\/wp\/v2\/product\/33007\/revisions"}],"wp:featuredmedia":[{"embeddable":true,"href":"https:\/\/changlonet.com\/tienda\/wp-json\/wp\/v2\/media\/33006"}],"wp:attachment":[{"href":"https:\/\/changlonet.com\/tienda\/wp-json\/wp\/v2\/media?parent=33007"}],"wp:term":[{"taxonomy":"product_brand","embeddable":true,"href":"https:\/\/changlonet.com\/tienda\/wp-json\/wp\/v2\/product_brand?post=33007"},{"taxonomy":"product_cat","embeddable":true,"href":"https:\/\/changlonet.com\/tienda\/wp-json\/wp\/v2\/product_cat?post=33007"},{"taxonomy":"product_tag","embeddable":true,"href":"https:\/\/changlonet.com\/tienda\/wp-json\/wp\/v2\/product_tag?post=33007"}],"curies":[{"name":"wp","href":"https:\/\/api.w.org\/{rel}","templated":true}]}}