{"id":32828,"date":"2022-11-29T16:19:27","date_gmt":"2022-11-29T16:19:27","guid":{"rendered":"https:\/\/changlonet.com\/tienda\/?post_type=product&#038;p=32828"},"modified":"2024-01-08T16:21:54","modified_gmt":"2024-01-08T16:21:54","slug":"primera-gamer-mini-i","status":"publish","type":"product","link":"https:\/\/changlonet.com\/tienda\/producto\/primera-gamer-mini-i\/","title":{"rendered":"Primera Gamer Mini-I"},"content":{"rendered":"<p><strong>Primera Gamer Mini Intel<\/strong> es un ordenador que nos permite <strong>jugar a todos los juegos en 1080P (HD Full) y en 4K sin problemas<\/strong>. Gracias a su nVidia RTX 3070 podemos disfrutar de juegos con Ray Tracing. Est\u00e1 <strong>equipado con un procesador Intel Core i5 12.600K de duod\u00e9cima<\/strong> <strong>generaci\u00f3n<\/strong>: un procesador con 10 n\u00facleos para acelerar todas las tareas.<\/p>\n<p>Para el almacenamiento contamos con un <strong>disco SSD M.2 NVMe Gen4<\/strong> de 500 gigas para que todo carga m\u00e1s deprisa. Una<strong> fuente de alimentaci\u00f3n de 700 watios BeQuiet Gold Plus<\/strong> asegura que no nos falta energ\u00eda y junto a su disipador BeQuiet lo hacen un equipo muy silencioso. <strong>La caja es peque\u00f1a<\/strong> para que no ocupe mucho espacio pero nos permita instalar en su interior todo lo que necesitamos. Adem\u00e1s dispone de un buen sistema de ventilaci\u00f3n con luces leds para tener una imagen gamer.<\/p>\n<p>Con sus <strong>32<\/strong><strong> gigas de DDR5 tenemos la RAM m\u00e1s moderna y veloz para que el sistema siempre vaya al m\u00e1ximo<\/strong>.<\/p>\n<p>Gracias a la potencia y calidad de sus componentes este PC puede hacer muchas m\u00e1s cosas adem\u00e1s de jugar: e<em>studiar, programar, virtualizar, edici\u00f3n de fotos, edici\u00f3n de v\u00eddeos un todoterreno digital.<\/em><\/p>\n<p>Y siempre con la garant\u00eda de nuestro montaje personalizado y las pruebas que les hacemos a todos los PCs que montamos a medida para que salgan todos perfectos de nuestro taller. [su_spacer size=\u00bb20&#8243;] [su_row] [su_column size=\u00bb1\/10&#8243; center=\u00bbno\u00bb class=\u00bb\u00bb][\/su_column] [su_column size=\u00bb2\/5&#8243; center=\u00bbno\u00bb class=\u00bb\u00bb][su_service title=\u00bbDestacar\u00bb icon=\u00bbicon: check\u00bb icon_color=\u00bb#fa5e25&#8243; size=\u00bb32&#8243; class=\u00bb\u00bb]<\/p>\n<ul>\n<li>Caja peque\u00f1a con sistema de ventilaci\u00f3n con leds<\/li>\n<li>Con una nVidia <strong>RTX 3070 con 8 gigas GDDR6 <\/strong><\/li>\n<li>Equipado con un procesador <strong>Intel Core i5 12600K con 10 n\u00facleos de duod\u00e9cima generaci\u00f3n<\/strong><\/li>\n<li>Montado con un disco SSD de alta velocidad y 500 gigas de capacidad, <strong>M.2 y NVMe Gen4<br \/>\n<\/strong><\/li>\n<li><strong>32 gigas de DDR5<\/strong><\/li>\n<\/ul>\n<p>[\/su_service][\/su_column] [su_column size=\u00bb2\/5&#8243; center=\u00bbno\u00bb class=\u00bb\u00bb][su_service title=\u00bbRecuerda\u00bb icon=\u00bbicon: check\u00bb icon_color=\u00bb#fa5e25&#8243; size=\u00bb32&#8243; class=\u00bb\u00bb]<\/p>\n<ul>\n<li>Tu escoges el Sistema Operativo que deseas instalar<\/li>\n<li>Puedes usar esta configuraci\u00f3n como base para una personalizaci\u00f3n del PC a tu gusto<\/li>\n<li>Los ordenadores los montamos a medida para ti<\/li>\n<li>Actualizamos su Bios y sus drivers siempre a la \u00faltima versi\u00f3n<\/li>\n<li>Los PCs se prueban a fondo antes de enviarlos<\/li>\n<\/ul>\n<p>[\/su_service][\/su_column] [su_column size=\u00bb1\/10&#8243; center=\u00bbno\u00bb class=\u00bb\u00bb][\/su_column] [\/su_row]<\/p>\n","protected":false},"excerpt":{"rendered":"<p>Con este PC podr\u00e1s <strong>jugar en 1080P y a 4K<\/strong> a todo sin problemas. Una caja peque\u00f1a con un formato de minitorre co cristal por tres lados y\u00a0 con iluminaci\u00f3n leds, un <strong>Core i5 12600K<\/strong> y una <strong>nVidia RTX 3070<\/strong><\/p>\n","protected":false},"featured_media":32829,"comment_status":"open","ping_status":"closed","template":"","meta":{"_coblocks_attr":"","_coblocks_dimensions":"","_coblocks_responsive_height":"","_coblocks_accordion_ie_support":""},"product_brand":[],"product_cat":[21,17,22,23],"product_tag":[63,59,64,65,66],"class_list":{"0":"post-32828","1":"product","2":"type-product","3":"status-publish","4":"has-post-thumbnail","6":"product_cat-diseno-3d-edicion-imagen","7":"product_cat-pcs","8":"product_cat-pcs-domesticos","9":"product_cat-pcs-juegos","10":"product_tag-core-i5-12600k","11":"product_tag-gamer","12":"product_tag-itx","13":"product_tag-nvidia-rtx-3070","14":"product_tag-pequeno","15":"pa_caja-torre-m-itx-thermaltake-tower-100-negra","16":"pa_disco-de-sistema-kingston-samgung-wd-ssd-m-2-nvme-500-gigas-gen4-4-canales","17":"pa_disipador-be-quiet-dark-rock-pro-4","18":"pa_fuente-de-alimentacion-be-quiet-pure-power-11-700w-80plus-gold","19":"pa_lector-de-tarjetas-se-puede-anadir-externa","20":"pa_medidas-caja-462-8-x-266-x-266-mm","21":"pa_memoria-ram-crucial-o-kingston-ddr5-32-gigas-a-5200-mhz","22":"pa_placa-base-asus-rog-strix-z690-i-gaming-wifi-intel-z690-lga-1700-mini-itx-2xddr5-pci-express5","23":"pa_posibilidades-ampliacion-pocas","24":"pa_procesador-intel-core-i5-12600k-3-70ghz-10-nucleos","25":"pa_ruido-silencioso","26":"pa_tamano-pequeno","27":"pa_tarjeta-de-red-incorporada-en-placa-rj-45-y-wifi","28":"pa_tarjeta-de-sonido-incorporada-en-placa-base-salidas-analogicas-y-hdmi","29":"pa_tarjeta-grafica-nvidia-rtx-3070-ti-8-gigas-gddr6","30":"pa_tarjeta-wifi-incluida-en-placa-b-g-n-y-ac-y-bluetooth","31":"pa_usos-pc-disenar","32":"pa_usos-pc-edicion-fotos","33":"pa_usos-pc-edicion-video","34":"pa_usos-pc-htpc-mediacenter","35":"pa_usos-pc-jugar","36":"pa_usos-pc-ofimatica","37":"pa_usos-pc-programacion","38":"pa_usos-pc-virtualizacion","40":"first","41":"instock","42":"taxable","43":"shipping-taxable","44":"purchasable","45":"product-type-simple"},"_links":{"self":[{"href":"https:\/\/changlonet.com\/tienda\/wp-json\/wp\/v2\/product\/32828","targetHints":{"allow":["GET"]}}],"collection":[{"href":"https:\/\/changlonet.com\/tienda\/wp-json\/wp\/v2\/product"}],"about":[{"href":"https:\/\/changlonet.com\/tienda\/wp-json\/wp\/v2\/types\/product"}],"replies":[{"embeddable":true,"href":"https:\/\/changlonet.com\/tienda\/wp-json\/wp\/v2\/comments?post=32828"}],"version-history":[{"count":0,"href":"https:\/\/changlonet.com\/tienda\/wp-json\/wp\/v2\/product\/32828\/revisions"}],"wp:featuredmedia":[{"embeddable":true,"href":"https:\/\/changlonet.com\/tienda\/wp-json\/wp\/v2\/media\/32829"}],"wp:attachment":[{"href":"https:\/\/changlonet.com\/tienda\/wp-json\/wp\/v2\/media?parent=32828"}],"wp:term":[{"taxonomy":"product_brand","embeddable":true,"href":"https:\/\/changlonet.com\/tienda\/wp-json\/wp\/v2\/product_brand?post=32828"},{"taxonomy":"product_cat","embeddable":true,"href":"https:\/\/changlonet.com\/tienda\/wp-json\/wp\/v2\/product_cat?post=32828"},{"taxonomy":"product_tag","embeddable":true,"href":"https:\/\/changlonet.com\/tienda\/wp-json\/wp\/v2\/product_tag?post=32828"}],"curies":[{"name":"wp","href":"https:\/\/api.w.org\/{rel}","templated":true}]}}