{"id":32818,"date":"2022-11-29T16:19:10","date_gmt":"2022-11-29T16:19:10","guid":{"rendered":"https:\/\/changlonet.com\/tienda\/?post_type=product&#038;p=32818"},"modified":"2024-01-08T16:21:52","modified_gmt":"2024-01-08T16:21:52","slug":"segona-gamer-gra-i","status":"publish","type":"product","link":"https:\/\/changlonet.com\/tienda\/producto\/segona-gamer-gra-i\/","title":{"rendered":"Segona Gamer Gra-I"},"content":{"rendered":"<p><strong>Segona Gamer Grande Intel<\/strong> es un ordenador que nos permite jugar a todos <strong>los juegos en 1080P (HD Full) sin problemas<\/strong>. Con capacidad para mover t\u00edtulos en <strong>4K con calidad media<\/strong>. Gracias a su <strong>nVidia RTX 3050 podemos disfrutar de juegos con Ray Tracing<\/strong>.<\/p>\n<p>Est\u00e1 equipado con un procesador <strong>Intel Core i5 12.500 de duod\u00e9cima generaci\u00f3n<\/strong>: un procesador con 6 n\u00facleos para acelerar todas las tareas . Para el almacenamiento contamos con un disco <strong>SSD M.2 NVMe de 500 gigas<\/strong> para que todo carga m\u00e1s deprisa. Una fuente de alimentaci\u00f3n de <strong>500 watios EVGA<\/strong> asegura que no nos falta energ\u00eda.<\/p>\n<p>Una <strong>caja grande<\/strong> para que podamos instalar en su interior todo lo que necesitemos en el futuro. Adem\u00e1s dispone de un buen sistema de ventilaci\u00f3n con luces leds para tener una imagen gamer.\u00a0 Con sus <strong>16 gigas de DDR4<\/strong> podremos tener muchos progamas abiertos a la vez sin pegas. Gracias a la potencia y calidad de sus componentes este PC puede hacer muchas m\u00e1s cosas adem\u00e1s de jugar: estudiar, programar, virtualizar, edici\u00f3n de fotos, edici\u00f3n de v\u00eddeos un todoterreno digital<\/p>\n<p>Y siempre con la garant\u00eda de nuestro montaje personalizado y las pruebas que les hacemos a todos los PCs que montamos a medida para que salgan todos perfectos de nuestro taller. [su_spacer size=\u00bb20&#8243;] [su_row] [su_column size=\u00bb1\/10&#8243; center=\u00bbno\u00bb class=\u00bb\u00bb][\/su_column] [su_column size=\u00bb2\/5&#8243; center=\u00bbno\u00bb class=\u00bb\u00bb][su_service title=\u00bbDestacar\u00bb icon=\u00bbicon: check\u00bb icon_color=\u00bb#fa5e25&#8243; size=\u00bb32&#8243; class=\u00bb\u00bb]<\/p>\n<p>Caja grande con buena capacidad de ampliaci\u00f3n con leds<br \/>\nEquipo bien ventilado y silencioso<br \/>\nEquipado con un procesador<strong> Intel Core i5 12500 con 6 n\u00facleos de duod\u00e9cima generaci\u00f3n<\/strong><br \/>\nMontado con un disco <strong>SSD de alta velocidad y 500 gigas de capacidad, M.2 y NVMe<\/strong><br \/>\n16 gigas de DDR4 y una <strong>nVidia RTX 3050<\/strong><\/p>\n<p>[\/su_service][\/su_column] [su_column size=\u00bb2\/5&#8243; center=\u00bbno\u00bb class=\u00bb\u00bb][su_service title=\u00bbRecuerda\u00bb icon=\u00bbicon: check\u00bb icon_color=\u00bb#fa5e25&#8243; size=\u00bb32&#8243; class=\u00bb\u00bb]<\/p>\n<p>Tu escoges el Sistema Operativo que deseas instalar<br \/>\nPuedes usar esta configuraci\u00f3n como base para una personalizaci\u00f3n del PC a tu gusto<br \/>\nLos ordenadores los montamos a medida para ti<br \/>\nActualizamos su Bios y sus drivers siempre a la \u00faltima versi\u00f3n<br \/>\nLos PCs se prueban a fondo antes de enviarlos<\/p>\n<p>[\/su_service][\/su_column] [su_column size=\u00bb1\/10&#8243; center=\u00bbno\u00bb class=\u00bb\u00bb][\/su_column] [\/su_row]<\/p>\n","protected":false},"excerpt":{"rendered":"<p>Con este PC podr\u00e1s <strong>jugar en 1080P<\/strong> a todo sin problemas y tambi\u00e9n llegar\u00e1s a disfrutar de t\u00edtulos en 4K y calidad media. Una caja grande con iluminaci\u00f3n leds, un <strong>Core i5 12500<\/strong> y una <strong>nVidia RTX 3050<\/strong><\/p>\n","protected":false},"featured_media":32819,"comment_status":"open","ping_status":"closed","template":"","meta":{"_coblocks_attr":"","_coblocks_dimensions":"","_coblocks_responsive_height":"","_coblocks_accordion_ie_support":""},"product_brand":[],"product_cat":[21,17,22,23],"product_tag":[52,53,54,55,44],"class_list":{"0":"post-32818","1":"product","2":"type-product","3":"status-publish","4":"has-post-thumbnail","6":"product_cat-diseno-3d-edicion-imagen","7":"product_cat-pcs","8":"product_cat-pcs-domesticos","9":"product_cat-pcs-juegos","10":"product_tag-alder-lake","11":"product_tag-core-i5","12":"product_tag-core-i5-12500","13":"product_tag-intel-duodecima-generacion","14":"product_tag-nvidia-rtx-3050","15":"pa_caja-caja-gaming-semitorre-aerocool-quantum-mesh-v3","16":"pa_disco-de-sistema-kingston-samgung-wd-ssd-m-2-nvme-500-gigas","17":"pa_disipador-oficial-de-intel","18":"pa_fuente-de-alimentacion-fuente-de-alimentacion-evga-500-br-500w-ventilador-12cm-80-plus-bronze","19":"pa_lector-de-tarjetas-se-puede-anadir-externa","20":"pa_medidas-caja-175-x-354-x-338mm","21":"pa_memoria-ram-crucial-o-kingston-ddr4-16-gigas-a-3-600-mhz-en-dos-chips-de-8-gigas","22":"pa_placa-base-gigabyte-asus-intel-1700-b660-atx-4xddr4-sata3-m-2-usb-3-1","23":"pa_posibilidades-ampliacion-bastantes","24":"pa_procesador-intel-core-i5-12500-3-00ghz-6-nucleos","25":"pa_ruido-normal","26":"pa_tamano-mediano","27":"pa_tarjeta-de-red-incorporada-en-placa-rj-45","28":"pa_tarjeta-de-sonido-incorporada-en-placa-base-salidas-analogicas-y-hdmi","29":"pa_tarjeta-grafica-nvidia-rtx-3050-8-gigas-gddr6","30":"pa_usos-pc-edicion-fotos","31":"pa_usos-pc-edicion-video","32":"pa_usos-pc-htpc-mediacenter","33":"pa_usos-pc-jugar","34":"pa_usos-pc-ofimatica","36":"first","37":"instock","38":"taxable","39":"shipping-taxable","40":"purchasable","41":"product-type-simple"},"_links":{"self":[{"href":"https:\/\/changlonet.com\/tienda\/wp-json\/wp\/v2\/product\/32818","targetHints":{"allow":["GET"]}}],"collection":[{"href":"https:\/\/changlonet.com\/tienda\/wp-json\/wp\/v2\/product"}],"about":[{"href":"https:\/\/changlonet.com\/tienda\/wp-json\/wp\/v2\/types\/product"}],"replies":[{"embeddable":true,"href":"https:\/\/changlonet.com\/tienda\/wp-json\/wp\/v2\/comments?post=32818"}],"version-history":[{"count":0,"href":"https:\/\/changlonet.com\/tienda\/wp-json\/wp\/v2\/product\/32818\/revisions"}],"wp:featuredmedia":[{"embeddable":true,"href":"https:\/\/changlonet.com\/tienda\/wp-json\/wp\/v2\/media\/32819"}],"wp:attachment":[{"href":"https:\/\/changlonet.com\/tienda\/wp-json\/wp\/v2\/media?parent=32818"}],"wp:term":[{"taxonomy":"product_brand","embeddable":true,"href":"https:\/\/changlonet.com\/tienda\/wp-json\/wp\/v2\/product_brand?post=32818"},{"taxonomy":"product_cat","embeddable":true,"href":"https:\/\/changlonet.com\/tienda\/wp-json\/wp\/v2\/product_cat?post=32818"},{"taxonomy":"product_tag","embeddable":true,"href":"https:\/\/changlonet.com\/tienda\/wp-json\/wp\/v2\/product_tag?post=32818"}],"curies":[{"name":"wp","href":"https:\/\/api.w.org\/{rel}","templated":true}]}}