{"id":32809,"date":"2022-11-29T16:18:56","date_gmt":"2022-11-29T16:18:56","guid":{"rendered":"https:\/\/changlonet.com\/tienda\/?post_type=product&#038;p=32809"},"modified":"2024-01-08T16:21:51","modified_gmt":"2024-01-08T16:21:51","slug":"segona-gamer-med-i","status":"publish","type":"product","link":"https:\/\/changlonet.com\/tienda\/producto\/segona-gamer-med-i\/","title":{"rendered":"Segona Gamer Med-I"},"content":{"rendered":"<p>Segona Gamer Medio Intel es un ordenador que nos permite jugar a todos los juegos en 1080P (HD Full) sin problemas. Con capacidad para mover t\u00edtulos en 4K con calidad media. Gracias a su nVidia RTX 3050 podemos disfrutar de juegos con Ray Tracing.<\/p>\n<p>Est\u00e1 <strong>equipado con un procesador Intel Core i5 12.500 de duod\u00e9cima<\/strong> <strong>generaci\u00f3n<\/strong>: un procesador con 6 n\u00facleos para acelerar todas las tareas . Para el almacenamiento contamos con un <strong>disco SSD M.2 NVMe<\/strong> de 500 gigas para que todo carga m\u00e1s deprisa. Una<strong> fuente de alimentaci\u00f3n de 500 watios EVGA<\/strong> asegura que no nos falta energ\u00eda. La caja tiene un tama\u00f1o medio para que no ocupe mucho espacio pero nos permita instalar en su interior todo lo que necesitemos en el futuro. Adem\u00e1s dispone de un buen sistema de ventilaci\u00f3n con luces leds para tener una imagen gamer.\u00a0 Con sus 16 gigas de DDR4 podremos tener muchos progamas abiertos a la vez sin pegas.<\/p>\n<p>Gracias a la potencia y calidad de sus componentes este PC puede hacer muchas m\u00e1s cosas adem\u00e1s de jugar: estudiar, programar, virtualizar, edici\u00f3n de fotos, edici\u00f3n de v\u00eddeos un todoterreno digital<\/p>\n<p>Y siempre con la garant\u00eda de nuestro montaje personalizado y las pruebas que les hacemos a todos los PCs que montamos a medida para que salgan todos perfectos de nuestro taller.<\/p>\n<p>[su_spacer size=\u00bb20&#8243;] [su_row] [su_column size=\u00bb1\/10&#8243; center=\u00bbno\u00bb class=\u00bb\u00bb][\/su_column] [su_column size=\u00bb2\/5&#8243; center=\u00bbno\u00bb class=\u00bb\u00bb][su_service title=\u00bbDestacar\u00bb icon=\u00bbicon: check\u00bb icon_color=\u00bb#fa5e25&#8243; size=\u00bb32&#8243; class=\u00bb\u00bb]<\/p>\n<ul>\n<li>Caja de tama\u00f1o medio con buena capacidad de ampliaci\u00f3n con leds<\/li>\n<li>Equipo bien ventilado y silencioso<\/li>\n<li>Equipado con un procesador <strong>Intel Core i5 12500 con 6 n\u00facleos de duod\u00e9cima generaci\u00f3n<\/strong><\/li>\n<li>Montado con un disco SSD de alta velocidad y 500 gigas de capacidad, <strong>M.2 y NVMe<\/strong><\/li>\n<li>16 gigas de DDR4<\/li>\n<\/ul>\n<p>[\/su_service][\/su_column] [su_column size=\u00bb2\/5&#8243; center=\u00bbno\u00bb class=\u00bb\u00bb][su_service title=\u00bbRecuerda\u00bb icon=\u00bbicon: check\u00bb icon_color=\u00bb#fa5e25&#8243; size=\u00bb32&#8243; class=\u00bb\u00bb]<\/p>\n<ul>\n<li>Tu escoges el Sistema Operativo que deseas instalar<\/li>\n<li>Puedes usar esta configuraci\u00f3n como base para una personalizaci\u00f3n del PC a tu gusto<\/li>\n<li>Los ordenadores los montamos a medida para ti<\/li>\n<li>Actualizamos su Bios y sus drivers siempre a la \u00faltima versi\u00f3n<\/li>\n<li>Los PCs se prueban a fondo antes de enviarlos<\/li>\n<\/ul>\n<p>[\/su_service][\/su_column] [su_column size=\u00bb1\/10&#8243; center=\u00bbno\u00bb class=\u00bb\u00bb][\/su_column] [\/su_row]<\/p>\n","protected":false},"excerpt":{"rendered":"<p>Con este PC podr\u00e1s jugar en 1080P a todo sin problemas y tambi\u00e9n llegar\u00e1s a disfrutar de t\u00edtulos en 4K y calidad media. Tama\u00f1o medio y caja con luces led.<\/p>\n","protected":false},"featured_media":32810,"comment_status":"open","ping_status":"closed","template":"","meta":{"_coblocks_attr":"","_coblocks_dimensions":"","_coblocks_responsive_height":"","_coblocks_accordion_ie_support":""},"product_brand":[],"product_cat":[21,17,22,23],"product_tag":[],"class_list":{"0":"post-32809","1":"product","2":"type-product","3":"status-publish","4":"has-post-thumbnail","6":"product_cat-diseno-3d-edicion-imagen","7":"product_cat-pcs","8":"product_cat-pcs-domesticos","9":"product_cat-pcs-juegos","10":"pa_caja-caja-gaming-minitorre-mars-gaming-mcone","11":"pa_disco-de-sistema-kingston-samgung-wd-ssd-m-2-nvme-500-gigas","12":"pa_disipador-oficial-de-intel","13":"pa_fuente-de-alimentacion-fuente-de-alimentacion-evga-500-br-500w-ventilador-12cm-80-plus-bronze","14":"pa_medidas-caja-392x395x202mm","15":"pa_memoria-ram-crucial-o-kingston-ddr4-16-gigas-a-3-600-mhz-en-dos-chips-de-8-gigas","16":"pa_placa-base-gigabyte-msi-asrock-intel-1700-b660m-microatx-4xddr4-sata3-m-2-usb-3-1","17":"pa_posibilidades-ampliacion-bastantes","18":"pa_procesador-intel-core-i5-12500-3-00ghz-6-nucleos","19":"pa_ruido-normal","20":"pa_tamano-mediano","21":"pa_tarjeta-de-red-incorporada-en-placa-rj-45","22":"pa_tarjeta-de-sonido-incorporada-en-placa-base-salidas-analogicas-y-hdmi","23":"pa_tarjeta-grafica-nvidia-rtx-3050-8-gigas-gddr6","24":"pa_usos-pc-edicion-fotos","25":"pa_usos-pc-edicion-video","26":"pa_usos-pc-htpc-mediacenter","27":"pa_usos-pc-jugar","28":"pa_usos-pc-ofimatica","30":"first","31":"instock","32":"taxable","33":"shipping-taxable","34":"purchasable","35":"product-type-simple"},"_links":{"self":[{"href":"https:\/\/changlonet.com\/tienda\/wp-json\/wp\/v2\/product\/32809","targetHints":{"allow":["GET"]}}],"collection":[{"href":"https:\/\/changlonet.com\/tienda\/wp-json\/wp\/v2\/product"}],"about":[{"href":"https:\/\/changlonet.com\/tienda\/wp-json\/wp\/v2\/types\/product"}],"replies":[{"embeddable":true,"href":"https:\/\/changlonet.com\/tienda\/wp-json\/wp\/v2\/comments?post=32809"}],"version-history":[{"count":0,"href":"https:\/\/changlonet.com\/tienda\/wp-json\/wp\/v2\/product\/32809\/revisions"}],"wp:featuredmedia":[{"embeddable":true,"href":"https:\/\/changlonet.com\/tienda\/wp-json\/wp\/v2\/media\/32810"}],"wp:attachment":[{"href":"https:\/\/changlonet.com\/tienda\/wp-json\/wp\/v2\/media?parent=32809"}],"wp:term":[{"taxonomy":"product_brand","embeddable":true,"href":"https:\/\/changlonet.com\/tienda\/wp-json\/wp\/v2\/product_brand?post=32809"},{"taxonomy":"product_cat","embeddable":true,"href":"https:\/\/changlonet.com\/tienda\/wp-json\/wp\/v2\/product_cat?post=32809"},{"taxonomy":"product_tag","embeddable":true,"href":"https:\/\/changlonet.com\/tienda\/wp-json\/wp\/v2\/product_tag?post=32809"}],"curies":[{"name":"wp","href":"https:\/\/api.w.org\/{rel}","templated":true}]}}