{"id":2712,"date":"2009-06-20T00:18:16","date_gmt":"2009-06-19T22:18:16","guid":{"rendered":"http:\/\/changlonet.com\/blog\/pregunta-al-tendero\/"},"modified":"2009-06-20T00:18:16","modified_gmt":"2009-06-19T22:18:16","slug":"pregunta-al-tendero","status":"publish","type":"page","link":"https:\/\/changlonet.com\/blog\/pregunta-al-tendero\/","title":{"rendered":"Pregunta al Tendero"},"content":{"rendered":"<p>\t\t\t\t<a href=\"https:\/\/changlonet.com\/blog\/wp-content\/uploads\/2009\/06\/ayuda.png\"><img decoding=\"async\" style=\"margin: 0px 15px 0px 0px; display: inline; border-width: 0px;\" title=\"ayuda\" src=\"https:\/\/changlonet.com\/blog\/wp-content\/uploads\/2009\/06\/ayuda_thumb.png\" alt=\"ayuda\" width=\"107\" height=\"107\" align=\"left\" border=\"0\" \/><\/a> Si quieres saber algo sobre sistemas inform\u00e1ticos, sobre vida digital, sobre software&#8230; puedes enviarnos una pregunta y trataremos de responderla. Nuestra especialidad son los ordenadores personales de uso dom\u00e9stico y peque\u00f1as empresas,\u00a0 los gadgets, el software de uso personal. As\u00ed que si tu duda versa sobre alg\u00fan tema de los anteriores, nos tienes a tu disposici\u00f3n. Env\u00edame un correo a <a href=\"mailto:tenderodigital@gmail.com\">tenderodigital@gmail.com<\/a> y tratar\u00e9 de contestar lo mejor que sepa a la pregunta.<\/p>\n<p><a href=\"https:\/\/changlonet.com\/blog\/wp-content\/uploads\/2009\/06\/aconsejador.jpg\"><img decoding=\"async\" style=\"margin: 0px 15px; display: inline; border-width: 0px;\" title=\"aconsejador\" src=\"https:\/\/changlonet.com\/blog\/wp-content\/uploads\/2009\/06\/aconsejador_thumb.jpg\" alt=\"aconsejador\" width=\"90\" height=\"90\" align=\"left\" border=\"0\" \/><\/a><\/p>\n<p>Si buscas consejo sobre una configuraci\u00f3n para un ordenador, un PC dom\u00e9stico, un HTPC, un port\u00e1til o un ordenador para empresas , te invito que visites<a href=\"http:\/\/www.changlonet.es\/aconsejador\" target=\"_blank\" rel=\"noopener noreferrer\"> el Aconsejador de El TenderoDigital<\/a>. Es una aplicaci\u00f3n Web que te har\u00e1 un mont\u00f3n de preguntas. Al final tus respuestas me llegan a mi y te recomendar\u00e9 una configuraci\u00f3n de hardware y software para cubrir tus necesidades.\t\t<\/p>\n","protected":false},"excerpt":{"rendered":"<p>Si quieres saber algo sobre sistemas inform\u00e1ticos, sobre vida digital, sobre software&#8230; puedes enviarnos una pregunta y trataremos de responderla. Nuestra especialidad son los ordenadores personales de uso dom\u00e9stico y peque\u00f1as empresas,\u00a0 los gadgets, el software de uso personal. As\u00ed que si tu duda versa sobre alg\u00fan tema de los anteriores, nos tienes a tu [&hellip;]<\/p>\n","protected":false},"author":1,"featured_media":0,"parent":0,"menu_order":0,"comment_status":"closed","ping_status":"open","template":"","meta":{"_exactmetrics_skip_tracking":false,"_exactmetrics_sitenote_active":false,"_exactmetrics_sitenote_note":"","_exactmetrics_sitenote_category":0,"footnotes":""},"class_list":["post-2712","page","type-page","status-publish","hentry"],"_links":{"self":[{"href":"https:\/\/changlonet.com\/blog\/wp-json\/wp\/v2\/pages\/2712","targetHints":{"allow":["GET"]}}],"collection":[{"href":"https:\/\/changlonet.com\/blog\/wp-json\/wp\/v2\/pages"}],"about":[{"href":"https:\/\/changlonet.com\/blog\/wp-json\/wp\/v2\/types\/page"}],"author":[{"embeddable":true,"href":"https:\/\/changlonet.com\/blog\/wp-json\/wp\/v2\/users\/1"}],"replies":[{"embeddable":true,"href":"https:\/\/changlonet.com\/blog\/wp-json\/wp\/v2\/comments?post=2712"}],"version-history":[{"count":0,"href":"https:\/\/changlonet.com\/blog\/wp-json\/wp\/v2\/pages\/2712\/revisions"}],"wp:attachment":[{"href":"https:\/\/changlonet.com\/blog\/wp-json\/wp\/v2\/media?parent=2712"}],"curies":[{"name":"wp","href":"https:\/\/api.w.org\/{rel}","templated":true}]}}