{"id":2700,"date":"2009-06-19T23:10:02","date_gmt":"2009-06-19T21:10:02","guid":{"rendered":"http:\/\/changlonet.com\/blog\/acerca-de\/"},"modified":"2009-06-19T23:10:02","modified_gmt":"2009-06-19T21:10:02","slug":"acerca-de-2","status":"publish","type":"page","link":"https:\/\/changlonet.com\/blog\/acerca-de-2\/","title":{"rendered":"Acerca de"},"content":{"rendered":"<p>\t\t\t\t<span style=\"color: #ff3717;\"><strong>el Blog:<\/strong><\/span><\/p>\n<p align=\"justify\">En al Otro Lado del Mostrador vas a encontrar an\u00e9cdotas sobre una peque\u00f1a tienda de inform\u00e1tica de barrio: la relaci\u00f3n con nuestros cliente, nuestros proveedores, los fabricantes. Tambi\u00e9n contamos lo que nos parecen las novedades t\u00e9cnicas de los fabricantes y cuando montamos o vendemos algo que nos llama la atenci\u00f3n. De vez en cuando aparecer\u00e1n entradas sobre otros temas, pero bueno en la variedad est\u00e1 la diversi\u00f3n. Al final como dice mi mujer si tiene botones, pilas o se enchufa te pondr\u00e1s a pensar en ello<\/p>\n<p align=\"justify\">Cuando hablamos de hardware, software, gadgets\u00a0 <strong>somos totalmente libres<\/strong>. No dependemos para nada de los fabricantes, as\u00ed que lo que aqu\u00ed escribimos es lo que pensamos. Si algo nos gusta, lo contamos y si no nos gusta, pues tambi\u00e9n se escribe.<\/p>\n<p><span style=\"color: #ff3717;\"><strong>la tienda:<\/strong><\/span><\/p>\n<p align=\"justify\">En la tienda trabajamos cuatro personas. Dos est\u00e1n mas o menos de continuo all\u00ed, otra entra y sale, y est\u00e1 ya casi m\u00e1s en versi\u00f3n digital que en real. Y el \u00faltimo, pues es nuestro querido contable que trata de llevar al d\u00eda nuestro peque\u00f1o caos de n\u00fameros.<\/p>\n<p align=\"justify\">La tienda la tenemos abierta desde hace ya m\u00e1s de 20 a\u00f1os, pero tal y como est\u00e1 el patio, no sabemos si duraremos m\u00e1s. Pero bueno resistiremos mientras podamos y mientras sigamos teniendo clientes y proveedores.<\/p>\n<p><span style=\"color: #ff3717;\"><strong>el autor:<\/strong><\/span><\/p>\n<p align=\"justify\">Tenderodigital tiene m\u00e1s de 50 a\u00f1os. Trabajaba en el Departamento de Proyectos de una gran entidad financiera. Ahora ha vuelto a la trinchera y est\u00e1 de cara el p\u00fablico, pagando cheques, abonanado pensiones (esas cosas que Recursos Humanos piensa que es bueno para mi) por las ma\u00f1anas y por la tarde trata de mantener en p\u00ede una peque\u00f1a tienda dedicada a la venta de sistemas digitales.\u00a0 Vive en un pueblo de unos 30.000 habitantes, est\u00e1 casado y tiene dos hijos.<\/p>\n<p align=\"justify\">Lleva en esto de la inform\u00e1tica&#8230; pues casi desde que tiene uso de raz\u00f3n le atrajeron todo tipo de cachivaques con botones y cables. Su madre se canso de activar los plomos cada vez que alguno de sus inventos los hac\u00edan saltar. Su primer contacto con los ordenadores fue a trav\u00e9s de una calculadora programable HP. Luego vino un Spectrum, un Amstrad, un Tandom, el primer cl\u00f3nico&#8230;<\/p>\n<p align=\"justify\">En negocios de venta de material inform\u00e1tico, pues ha estado metido desde hace casi 30 a\u00f1os. Al final mont\u00f3 la tienda, porque se cans\u00f3 de ser un hijo de frutero y trabajar y dar consejos sin cobrar nada.<\/p>\n","protected":false},"excerpt":{"rendered":"<p>el Blog: En al Otro Lado del Mostrador vas a encontrar an\u00e9cdotas sobre una peque\u00f1a tienda de inform\u00e1tica de barrio: la relaci\u00f3n con nuestros cliente, nuestros proveedores, los fabricantes. Tambi\u00e9n contamos lo que nos parecen las novedades t\u00e9cnicas de los fabricantes y cuando montamos o vendemos algo que nos llama la atenci\u00f3n. De vez en [&hellip;]<\/p>\n","protected":false},"author":1,"featured_media":0,"parent":0,"menu_order":0,"comment_status":"closed","ping_status":"open","template":"","meta":{"_exactmetrics_skip_tracking":false,"_exactmetrics_sitenote_active":false,"_exactmetrics_sitenote_note":"","_exactmetrics_sitenote_category":0,"footnotes":""},"class_list":["post-2700","page","type-page","status-publish","hentry"],"_links":{"self":[{"href":"https:\/\/changlonet.com\/blog\/wp-json\/wp\/v2\/pages\/2700","targetHints":{"allow":["GET"]}}],"collection":[{"href":"https:\/\/changlonet.com\/blog\/wp-json\/wp\/v2\/pages"}],"about":[{"href":"https:\/\/changlonet.com\/blog\/wp-json\/wp\/v2\/types\/page"}],"author":[{"embeddable":true,"href":"https:\/\/changlonet.com\/blog\/wp-json\/wp\/v2\/users\/1"}],"replies":[{"embeddable":true,"href":"https:\/\/changlonet.com\/blog\/wp-json\/wp\/v2\/comments?post=2700"}],"version-history":[{"count":0,"href":"https:\/\/changlonet.com\/blog\/wp-json\/wp\/v2\/pages\/2700\/revisions"}],"wp:attachment":[{"href":"https:\/\/changlonet.com\/blog\/wp-json\/wp\/v2\/media?parent=2700"}],"curies":[{"name":"wp","href":"https:\/\/api.w.org\/{rel}","templated":true}]}}