{"id":17413,"date":"2020-11-06T16:22:29","date_gmt":"2020-11-06T14:22:29","guid":{"rendered":"https:\/\/changlonet.com\/blog\/?page_id=17413"},"modified":"2021-01-01T19:50:13","modified_gmt":"2021-01-01T17:50:13","slug":"lateral4","status":"publish","type":"page","link":"https:\/\/changlonet.com\/blog\/lateral4\/","title":{"rendered":"Lateral"},"content":{"rendered":"\t\t<div data-elementor-type=\"wp-page\" data-elementor-id=\"17413\" class=\"elementor elementor-17413\" data-elementor-post-type=\"page\">\n\t\t\t\t\t\t<section class=\"elementor-section elementor-top-section elementor-element elementor-element-d2fc5c4 elementor-section-boxed elementor-section-height-default elementor-section-height-default\" data-id=\"d2fc5c4\" data-element_type=\"section\" data-e-type=\"section\">\n\t\t\t\t\t\t<div class=\"elementor-container elementor-column-gap-default\">\n\t\t\t\t\t<div class=\"elementor-column elementor-col-100 elementor-top-column elementor-element elementor-element-f318a46\" data-id=\"f318a46\" data-element_type=\"column\" data-e-type=\"column\">\n\t\t\t<div class=\"elementor-widget-wrap elementor-element-populated\">\n\t\t\t\t\t\t<section class=\"elementor-section elementor-inner-section elementor-element elementor-element-e13732c elementor-section-height-min-height elementor-section-boxed elementor-section-height-default\" data-id=\"e13732c\" data-element_type=\"section\" data-e-type=\"section\" data-settings=\"{&quot;background_background&quot;:&quot;slideshow&quot;,&quot;background_slideshow_gallery&quot;:[{&quot;id&quot;:17402,&quot;url&quot;:&quot;https:\\\/\\\/changlonet.com\\\/blog\\\/wp-content\\\/uploads\\\/2020\\\/11\\\/pc-cad.jpg&quot;},{&quot;id&quot;:17403,&quot;url&quot;:&quot;https:\\\/\\\/changlonet.com\\\/blog\\\/wp-content\\\/uploads\\\/2020\\\/11\\\/PC-luces.jpg&quot;},{&quot;id&quot;:17404,&quot;url&quot;:&quot;https:\\\/\\\/changlonet.com\\\/blog\\\/wp-content\\\/uploads\\\/2020\\\/11\\\/pensativo1.jpg&quot;},{&quot;id&quot;:17405,&quot;url&quot;:&quot;https:\\\/\\\/changlonet.com\\\/blog\\\/wp-content\\\/uploads\\\/2020\\\/11\\\/portatil-gamer3.jpg&quot;},{&quot;id&quot;:17406,&quot;url&quot;:&quot;https:\\\/\\\/changlonet.com\\\/blog\\\/wp-content\\\/uploads\\\/2020\\\/11\\\/servidor.jpg&quot;}],&quot;background_slideshow_slide_transition&quot;:&quot;slide_right&quot;,&quot;background_slideshow_ken_burns&quot;:&quot;yes&quot;,&quot;background_slideshow_loop&quot;:&quot;yes&quot;,&quot;background_slideshow_slide_duration&quot;:5000,&quot;background_slideshow_transition_duration&quot;:500,&quot;background_slideshow_ken_burns_zoom_direction&quot;:&quot;in&quot;}\">\n\t\t\t\t\t\t<div class=\"elementor-container elementor-column-gap-default\">\n\t\t\t\t\t<div class=\"elementor-column elementor-col-100 elementor-inner-column elementor-element elementor-element-0526542\" data-id=\"0526542\" data-element_type=\"column\" data-e-type=\"column\">\n\t\t\t<div class=\"elementor-widget-wrap\">\n\t\t\t\t\t\t\t<\/div>\n\t\t<\/div>\n\t\t\t\t\t<\/div>\n\t\t<\/section>\n\t\t\t\t<section class=\"elementor-section elementor-inner-section elementor-element elementor-element-87ace9b elementor-section-boxed elementor-section-height-default elementor-section-height-default\" data-id=\"87ace9b\" data-element_type=\"section\" data-e-type=\"section\">\n\t\t\t\t\t\t<div class=\"elementor-container elementor-column-gap-default\">\n\t\t\t\t\t<div class=\"elementor-column elementor-col-100 elementor-inner-column elementor-element elementor-element-905f897\" data-id=\"905f897\" data-element_type=\"column\" data-e-type=\"column\">\n\t\t\t<div class=\"elementor-widget-wrap elementor-element-populated\">\n\t\t\t\t\t\t<div class=\"elementor-element elementor-element-ca92c4c elementor--h-position-center elementor--v-position-middle elementor-arrows-position-inside elementor-pagination-position-inside elementor-widget elementor-widget-slides\" data-id=\"ca92c4c\" data-element_type=\"widget\" data-e-type=\"widget\" data-settings=\"{&quot;transition&quot;:&quot;fade&quot;,&quot;transition_speed&quot;:524,&quot;navigation&quot;:&quot;both&quot;,&quot;autoplay&quot;:&quot;yes&quot;,&quot;pause_on_hover&quot;:&quot;yes&quot;,&quot;pause_on_interaction&quot;:&quot;yes&quot;,&quot;autoplay_speed&quot;:5000,&quot;infinite&quot;:&quot;yes&quot;}\" data-widget_type=\"slides.default\">\n\t\t\t\t\t\t\t\t\t\t<div class=\"elementor-slides-wrapper elementor-main-swiper swiper\" role=\"region\" aria-roledescription=\"carousel\" aria-label=\"Diapositivas\" dir=\"ltr\" data-animation=\"fadeInRight\">\n\t\t\t\t<div class=\"swiper-wrapper elementor-slides\">\n\t\t\t\t\t\t\t\t\t\t<div class=\"elementor-repeater-item-f639d29 swiper-slide\" role=\"group\" aria-roledescription=\"slide\"><div class=\"swiper-slide-bg\"><\/div><a class=\"swiper-slide-inner\" href=\"https:\/\/changlonet.com\/blog\/aconsejadores-2\/\"><div class=\"swiper-slide-contents\"><div class=\"elementor-slide-heading\">TE AYUDAMOS<\/div><div class=\"elementor-slide-description\">Dinos qu\u00e9 necesitas y te preparamos una propuesta a medida<\/div><\/div><\/a><\/div><div class=\"elementor-repeater-item-8b249ab swiper-slide\" role=\"group\" aria-roledescription=\"slide\"><div class=\"swiper-slide-bg\"><\/div><a class=\"swiper-slide-inner\" href=\"https:\/\/changlonet.com\/blog\/aconsejadores-2\/\"><div class=\"swiper-slide-contents\"><div class=\"elementor-slide-heading\">\u00bfQU\u00c9 NECESITAS?<\/div><div class=\"elementor-slide-description\">Un PC gamer, PC de empresa, port\u00e1til, servidor... dinos qu\u00e9 quieres y te damos nuestra opini\u00f3n independiente<\/div><\/div><\/a><\/div><div class=\"elementor-repeater-item-416e376 swiper-slide\" role=\"group\" aria-roledescription=\"slide\"><div class=\"swiper-slide-bg\"><\/div><a class=\"swiper-slide-inner\" href=\"https:\/\/changlonet.com\/blog\/aconsejadores-2\/\"><div class=\"swiper-slide-contents\"><div class=\"elementor-slide-heading\">SENCILLO<\/div><div class=\"elementor-slide-description\">Solo tienes que constestar a unas preguntas para que podeamos preparar nuestro consejo<\/div><\/div><\/a><\/div>\t\t\t\t<\/div>\n\t\t\t\t\t\t\t\t\t\t\t\t\t\t\t<div class=\"elementor-swiper-button elementor-swiper-button-prev\" role=\"button\" tabindex=\"0\" aria-label=\"Diapositiva anterior\">\n\t\t\t\t\t\t\t<svg aria-hidden=\"true\" class=\"e-font-icon-svg e-eicon-chevron-left\" viewBox=\"0 0 1000 1000\" xmlns=\"http:\/\/www.w3.org\/2000\/svg\"><path d=\"M646 125C629 125 613 133 604 142L308 442C296 454 292 471 292 487 292 504 296 521 308 533L604 854C617 867 629 875 646 875 663 875 679 871 692 858 704 846 713 829 713 812 713 796 708 779 692 767L438 487 692 225C700 217 708 204 708 187 708 171 704 154 692 142 675 129 663 125 646 125Z\"><\/path><\/svg>\t\t\t\t\t\t<\/div>\n\t\t\t\t\t\t<div class=\"elementor-swiper-button elementor-swiper-button-next\" role=\"button\" tabindex=\"0\" aria-label=\"Diapositiva siguiente\">\n\t\t\t\t\t\t\t<svg aria-hidden=\"true\" class=\"e-font-icon-svg e-eicon-chevron-right\" viewBox=\"0 0 1000 1000\" xmlns=\"http:\/\/www.w3.org\/2000\/svg\"><path d=\"M696 533C708 521 713 504 713 487 713 471 708 454 696 446L400 146C388 133 375 125 354 125 338 125 325 129 313 142 300 154 292 171 292 187 292 204 296 221 308 233L563 492 304 771C292 783 288 800 288 817 288 833 296 850 308 863 321 871 338 875 354 875 371 875 388 867 400 854L696 533Z\"><\/path><\/svg>\t\t\t\t\t\t<\/div>\n\t\t\t\t\t\t\t\t\t\t\t\t\t\t\t\t<div class=\"swiper-pagination\"><\/div>\n\t\t\t\t\t\t\t\t\t\t\t\t<\/div>\n\t\t\t\t\t\t\t\t<\/div>\n\t\t\t\t\t<\/div>\n\t\t<\/div>\n\t\t\t\t\t<\/div>\n\t\t<\/section>\n\t\t\t\t\t<\/div>\n\t\t<\/div>\n\t\t\t\t\t<\/div>\n\t\t<\/section>\n\t\t\t\t<\/div>\n\t\t","protected":false},"excerpt":{"rendered":"<p>El Aconsejador TE AYUDAMOSDinos qu\u00e9 necesitas y te preparamos una propuesta a medida\u00bfQU\u00c9 NECESITAS?Un PC gamer, PC de empresa, port\u00e1til, servidor&#8230; dinos qu\u00e9 quieres y te damos nuestra opini\u00f3n independienteSENCILLOSolo tienes que constestar a unas preguntas para que podeamos preparar nuestro consejo Previous Next<\/p>\n","protected":false},"author":1,"featured_media":0,"parent":0,"menu_order":0,"comment_status":"closed","ping_status":"closed","template":"elementor_canvas","meta":{"_exactmetrics_skip_tracking":false,"_exactmetrics_sitenote_active":false,"_exactmetrics_sitenote_note":"","_exactmetrics_sitenote_category":0,"footnotes":""},"class_list":["post-17413","page","type-page","status-publish","hentry"],"_links":{"self":[{"href":"https:\/\/changlonet.com\/blog\/wp-json\/wp\/v2\/pages\/17413","targetHints":{"allow":["GET"]}}],"collection":[{"href":"https:\/\/changlonet.com\/blog\/wp-json\/wp\/v2\/pages"}],"about":[{"href":"https:\/\/changlonet.com\/blog\/wp-json\/wp\/v2\/types\/page"}],"author":[{"embeddable":true,"href":"https:\/\/changlonet.com\/blog\/wp-json\/wp\/v2\/users\/1"}],"replies":[{"embeddable":true,"href":"https:\/\/changlonet.com\/blog\/wp-json\/wp\/v2\/comments?post=17413"}],"version-history":[{"count":0,"href":"https:\/\/changlonet.com\/blog\/wp-json\/wp\/v2\/pages\/17413\/revisions"}],"wp:attachment":[{"href":"https:\/\/changlonet.com\/blog\/wp-json\/wp\/v2\/media?parent=17413"}],"curies":[{"name":"wp","href":"https:\/\/api.w.org\/{rel}","templated":true}]}}